{"id":200,"date":"2025-04-14T20:55:45","date_gmt":"2025-04-14T18:55:45","guid":{"rendered":"https:\/\/test.olsavsky.cz\/tv\/?post_type=product&#038;p=200"},"modified":"2025-04-24T16:44:22","modified_gmt":"2025-04-24T14:44:22","slug":"tanecni-pro-dospele-podzim-2025-2","status":"publish","type":"product","link":"https:\/\/test.olsavsky.cz\/tv\/produkt\/tanecni-pro-dospele-podzim-2025-2\/","title":{"rendered":"Tane\u010dn\u00ed pro dosp\u011bl\u00e9, podzim 2025"},"content":{"rendered":"\n<h4 class=\"wp-block-heading\">Kdy<\/h4>\n\n\n\n<ul class=\"wp-block-list is-style-checkmark-list\">\n<li>Od 28. z\u00e1\u0159\u00ed do 30. listopadu 2025<\/li>\n\n\n\n<li>Ka\u017edou ned\u011bli 18:30-20:30<\/li>\n<\/ul>\n\n\n\n<h4 class=\"wp-block-heading\">Kde<\/h4>\n\n\n\n<ul class=\"wp-block-list is-style-checkmark-list has-terciary-color has-text-color has-link-color wp-elements-84a4660d8f738279e878b0b12d7462cc\">\n<li>T.J. Sokol Trnovany<\/li>\n<\/ul>\n","protected":false},"excerpt":{"rendered":"<p>Tane\u010dn\u00ed kurzy pro dosp\u011bl\u00e9ho jednotlivce. 10 lekc\u00ed, ka\u017ed\u00e1 2 hodiny, kurz je zakon\u010den slavnostn\u00edm v\u011bne\u010dkem.<\/p>\n","protected":false},"featured_media":201,"comment_status":"open","ping_status":"closed","template":"","meta":[],"product_brand":[],"product_cat":[21],"product_tag":[23],"class_list":{"0":"post-200","1":"product","2":"type-product","3":"status-publish","4":"has-post-thumbnail","6":"product_cat-tanecni-pro-dospele","7":"product_tag-dospeli","9":"first","10":"instock","11":"virtual","12":"purchasable","13":"product-type-simple"},"yoast_head":"<!-- This site is optimized with the Yoast SEO plugin v27.2 - https:\/\/yoast.com\/product\/yoast-seo-wordpress\/ -->\n<title>Tane\u010dn\u00ed pro dosp\u011bl\u00e9, podzim 2025 - Tane\u010dn\u00ed Vitkovi<\/title>\n<meta name=\"robots\" content=\"noindex, follow, max-snippet:-1, max-image-preview:large, max-video-preview:-1\" \/>\n<meta property=\"og:locale\" content=\"cs_CZ\" \/>\n<meta property=\"og:type\" content=\"article\" \/>\n<meta property=\"og:title\" content=\"Tane\u010dn\u00ed pro dosp\u011bl\u00e9, podzim 2025 - Tane\u010dn\u00ed Vitkovi\" \/>\n<meta property=\"og:description\" content=\"Tane\u010dn\u00ed kurzy pro dosp\u011bl\u00e9ho jednotlivce. 10 lekc\u00ed, ka\u017ed\u00e1 2 hodiny, kurz je zakon\u010den slavnostn\u00edm v\u011bne\u010dkem.\" \/>\n<meta property=\"og:url\" content=\"https:\/\/test.olsavsky.cz\/tv\/produkt\/tanecni-pro-dospele-podzim-2025-2\/\" \/>\n<meta property=\"og:site_name\" content=\"Tane\u010dn\u00ed Vitkovi\" \/>\n<meta property=\"article:modified_time\" content=\"2025-04-24T14:44:22+00:00\" \/>\n<meta property=\"og:image\" content=\"https:\/\/test.olsavsky.cz\/tv\/wp-content\/uploads\/2025\/04\/vitezove-tan.souteze.webp\" \/>\n\t<meta property=\"og:image:width\" content=\"1000\" \/>\n\t<meta property=\"og:image:height\" content=\"667\" \/>\n\t<meta property=\"og:image:type\" content=\"image\/webp\" \/>\n<meta name=\"twitter:card\" content=\"summary_large_image\" \/>\n<meta name=\"twitter:label1\" content=\"Odhadovan\u00e1 doba \u010dten\u00ed\" \/>\n\t<meta name=\"twitter:data1\" content=\"1 minuta\" \/>\n<script type=\"application\/ld+json\" class=\"yoast-schema-graph\">{\"@context\":\"https:\/\/schema.org\",\"@graph\":[{\"@type\":\"WebPage\",\"@id\":\"https:\/\/test.olsavsky.cz\/tv\/produkt\/tanecni-pro-dospele-podzim-2025-2\/\",\"url\":\"https:\/\/test.olsavsky.cz\/tv\/produkt\/tanecni-pro-dospele-podzim-2025-2\/\",\"name\":\"Tane\u010dn\u00ed pro dosp\u011bl\u00e9, podzim 2025 - Tane\u010dn\u00ed Vitkovi\",\"isPartOf\":{\"@id\":\"https:\/\/test.olsavsky.cz\/tv\/#website\"},\"primaryImageOfPage\":{\"@id\":\"https:\/\/test.olsavsky.cz\/tv\/produkt\/tanecni-pro-dospele-podzim-2025-2\/#primaryimage\"},\"image\":{\"@id\":\"https:\/\/test.olsavsky.cz\/tv\/produkt\/tanecni-pro-dospele-podzim-2025-2\/#primaryimage\"},\"thumbnailUrl\":\"https:\/\/test.olsavsky.cz\/tv\/wp-content\/uploads\/2025\/04\/jednotlivec.webp\",\"datePublished\":\"2025-04-14T18:55:45+00:00\",\"dateModified\":\"2025-04-24T14:44:22+00:00\",\"breadcrumb\":{\"@id\":\"https:\/\/test.olsavsky.cz\/tv\/produkt\/tanecni-pro-dospele-podzim-2025-2\/#breadcrumb\"},\"inLanguage\":\"cs\",\"potentialAction\":[{\"@type\":\"ReadAction\",\"target\":[\"https:\/\/test.olsavsky.cz\/tv\/produkt\/tanecni-pro-dospele-podzim-2025-2\/\"]}]},{\"@type\":\"ImageObject\",\"inLanguage\":\"cs\",\"@id\":\"https:\/\/test.olsavsky.cz\/tv\/produkt\/tanecni-pro-dospele-podzim-2025-2\/#primaryimage\",\"url\":\"https:\/\/test.olsavsky.cz\/tv\/wp-content\/uploads\/2025\/04\/jednotlivec.webp\",\"contentUrl\":\"https:\/\/test.olsavsky.cz\/tv\/wp-content\/uploads\/2025\/04\/jednotlivec.webp\",\"width\":1000,\"height\":667},{\"@type\":\"BreadcrumbList\",\"@id\":\"https:\/\/test.olsavsky.cz\/tv\/produkt\/tanecni-pro-dospele-podzim-2025-2\/#breadcrumb\",\"itemListElement\":[{\"@type\":\"ListItem\",\"position\":1,\"name\":\"Dom\u016f\",\"item\":\"https:\/\/test.olsavsky.cz\/tv\/\"},{\"@type\":\"ListItem\",\"position\":2,\"name\":\"Kurzy\",\"item\":\"https:\/\/test.olsavsky.cz\/tv\/aktualni-kurzy\/\"},{\"@type\":\"ListItem\",\"position\":3,\"name\":\"Tane\u010dn\u00ed pro dosp\u011bl\u00e9, podzim 2025\"}]},{\"@type\":\"WebSite\",\"@id\":\"https:\/\/test.olsavsky.cz\/tv\/#website\",\"url\":\"https:\/\/test.olsavsky.cz\/tv\/\",\"name\":\"Tane\u010dn\u00ed Vitkovi\",\"description\":\"\u2026tan\u010dete s n\u00e1mi pro radost\",\"publisher\":{\"@id\":\"https:\/\/test.olsavsky.cz\/tv\/#organization\"},\"potentialAction\":[{\"@type\":\"SearchAction\",\"target\":{\"@type\":\"EntryPoint\",\"urlTemplate\":\"https:\/\/test.olsavsky.cz\/tv\/?s={search_term_string}\"},\"query-input\":{\"@type\":\"PropertyValueSpecification\",\"valueRequired\":true,\"valueName\":\"search_term_string\"}}],\"inLanguage\":\"cs\"},{\"@type\":\"Organization\",\"@id\":\"https:\/\/test.olsavsky.cz\/tv\/#organization\",\"name\":\"Tane\u010dn\u00ed Vitkovi\",\"url\":\"https:\/\/test.olsavsky.cz\/tv\/\",\"logo\":{\"@type\":\"ImageObject\",\"inLanguage\":\"cs\",\"@id\":\"https:\/\/test.olsavsky.cz\/tv\/#\/schema\/logo\/image\/\",\"url\":\"https:\/\/test.olsavsky.cz\/tv\/wp-content\/uploads\/2025\/03\/logo.svg\",\"contentUrl\":\"https:\/\/test.olsavsky.cz\/tv\/wp-content\/uploads\/2025\/03\/logo.svg\",\"caption\":\"Tane\u010dn\u00ed Vitkovi\"},\"image\":{\"@id\":\"https:\/\/test.olsavsky.cz\/tv\/#\/schema\/logo\/image\/\"}}]}<\/script>\n<!-- \/ Yoast SEO plugin. -->","yoast_head_json":{"title":"Tane\u010dn\u00ed pro dosp\u011bl\u00e9, podzim 2025 - Tane\u010dn\u00ed Vitkovi","robots":{"index":"noindex","follow":"follow","max-snippet":"max-snippet:-1","max-image-preview":"max-image-preview:large","max-video-preview":"max-video-preview:-1"},"og_locale":"cs_CZ","og_type":"article","og_title":"Tane\u010dn\u00ed pro dosp\u011bl\u00e9, podzim 2025 - Tane\u010dn\u00ed Vitkovi","og_description":"Tane\u010dn\u00ed kurzy pro dosp\u011bl\u00e9ho jednotlivce. 10 lekc\u00ed, ka\u017ed\u00e1 2 hodiny, kurz je zakon\u010den slavnostn\u00edm v\u011bne\u010dkem.","og_url":"https:\/\/test.olsavsky.cz\/tv\/produkt\/tanecni-pro-dospele-podzim-2025-2\/","og_site_name":"Tane\u010dn\u00ed Vitkovi","article_modified_time":"2025-04-24T14:44:22+00:00","og_image":[{"width":1000,"height":667,"url":"https:\/\/test.olsavsky.cz\/tv\/wp-content\/uploads\/2025\/04\/vitezove-tan.souteze.webp","type":"image\/webp"}],"twitter_card":"summary_large_image","twitter_misc":{"Odhadovan\u00e1 doba \u010dten\u00ed":"1 minuta"},"schema":{"@context":"https:\/\/schema.org","@graph":[{"@type":"WebPage","@id":"https:\/\/test.olsavsky.cz\/tv\/produkt\/tanecni-pro-dospele-podzim-2025-2\/","url":"https:\/\/test.olsavsky.cz\/tv\/produkt\/tanecni-pro-dospele-podzim-2025-2\/","name":"Tane\u010dn\u00ed pro dosp\u011bl\u00e9, podzim 2025 - Tane\u010dn\u00ed Vitkovi","isPartOf":{"@id":"https:\/\/test.olsavsky.cz\/tv\/#website"},"primaryImageOfPage":{"@id":"https:\/\/test.olsavsky.cz\/tv\/produkt\/tanecni-pro-dospele-podzim-2025-2\/#primaryimage"},"image":{"@id":"https:\/\/test.olsavsky.cz\/tv\/produkt\/tanecni-pro-dospele-podzim-2025-2\/#primaryimage"},"thumbnailUrl":"https:\/\/test.olsavsky.cz\/tv\/wp-content\/uploads\/2025\/04\/jednotlivec.webp","datePublished":"2025-04-14T18:55:45+00:00","dateModified":"2025-04-24T14:44:22+00:00","breadcrumb":{"@id":"https:\/\/test.olsavsky.cz\/tv\/produkt\/tanecni-pro-dospele-podzim-2025-2\/#breadcrumb"},"inLanguage":"cs","potentialAction":[{"@type":"ReadAction","target":["https:\/\/test.olsavsky.cz\/tv\/produkt\/tanecni-pro-dospele-podzim-2025-2\/"]}]},{"@type":"ImageObject","inLanguage":"cs","@id":"https:\/\/test.olsavsky.cz\/tv\/produkt\/tanecni-pro-dospele-podzim-2025-2\/#primaryimage","url":"https:\/\/test.olsavsky.cz\/tv\/wp-content\/uploads\/2025\/04\/jednotlivec.webp","contentUrl":"https:\/\/test.olsavsky.cz\/tv\/wp-content\/uploads\/2025\/04\/jednotlivec.webp","width":1000,"height":667},{"@type":"BreadcrumbList","@id":"https:\/\/test.olsavsky.cz\/tv\/produkt\/tanecni-pro-dospele-podzim-2025-2\/#breadcrumb","itemListElement":[{"@type":"ListItem","position":1,"name":"Dom\u016f","item":"https:\/\/test.olsavsky.cz\/tv\/"},{"@type":"ListItem","position":2,"name":"Kurzy","item":"https:\/\/test.olsavsky.cz\/tv\/aktualni-kurzy\/"},{"@type":"ListItem","position":3,"name":"Tane\u010dn\u00ed pro dosp\u011bl\u00e9, podzim 2025"}]},{"@type":"WebSite","@id":"https:\/\/test.olsavsky.cz\/tv\/#website","url":"https:\/\/test.olsavsky.cz\/tv\/","name":"Tane\u010dn\u00ed Vitkovi","description":"\u2026tan\u010dete s n\u00e1mi pro radost","publisher":{"@id":"https:\/\/test.olsavsky.cz\/tv\/#organization"},"potentialAction":[{"@type":"SearchAction","target":{"@type":"EntryPoint","urlTemplate":"https:\/\/test.olsavsky.cz\/tv\/?s={search_term_string}"},"query-input":{"@type":"PropertyValueSpecification","valueRequired":true,"valueName":"search_term_string"}}],"inLanguage":"cs"},{"@type":"Organization","@id":"https:\/\/test.olsavsky.cz\/tv\/#organization","name":"Tane\u010dn\u00ed Vitkovi","url":"https:\/\/test.olsavsky.cz\/tv\/","logo":{"@type":"ImageObject","inLanguage":"cs","@id":"https:\/\/test.olsavsky.cz\/tv\/#\/schema\/logo\/image\/","url":"https:\/\/test.olsavsky.cz\/tv\/wp-content\/uploads\/2025\/03\/logo.svg","contentUrl":"https:\/\/test.olsavsky.cz\/tv\/wp-content\/uploads\/2025\/03\/logo.svg","caption":"Tane\u010dn\u00ed Vitkovi"},"image":{"@id":"https:\/\/test.olsavsky.cz\/tv\/#\/schema\/logo\/image\/"}}]}},"_links":{"self":[{"href":"https:\/\/test.olsavsky.cz\/tv\/wp-json\/wp\/v2\/product\/200","targetHints":{"allow":["GET"]}}],"collection":[{"href":"https:\/\/test.olsavsky.cz\/tv\/wp-json\/wp\/v2\/product"}],"about":[{"href":"https:\/\/test.olsavsky.cz\/tv\/wp-json\/wp\/v2\/types\/product"}],"replies":[{"embeddable":true,"href":"https:\/\/test.olsavsky.cz\/tv\/wp-json\/wp\/v2\/comments?post=200"}],"wp:featuredmedia":[{"embeddable":true,"href":"https:\/\/test.olsavsky.cz\/tv\/wp-json\/wp\/v2\/media\/201"}],"wp:attachment":[{"href":"https:\/\/test.olsavsky.cz\/tv\/wp-json\/wp\/v2\/media?parent=200"}],"wp:term":[{"taxonomy":"product_brand","embeddable":true,"href":"https:\/\/test.olsavsky.cz\/tv\/wp-json\/wp\/v2\/product_brand?post=200"},{"taxonomy":"product_cat","embeddable":true,"href":"https:\/\/test.olsavsky.cz\/tv\/wp-json\/wp\/v2\/product_cat?post=200"},{"taxonomy":"product_tag","embeddable":true,"href":"https:\/\/test.olsavsky.cz\/tv\/wp-json\/wp\/v2\/product_tag?post=200"}],"curies":[{"name":"wp","href":"https:\/\/api.w.org\/{rel}","templated":true}]}}