{"id":41,"date":"2025-03-25T06:18:09","date_gmt":"2025-03-25T05:18:09","guid":{"rendered":"https:\/\/test.olsavsky.cz\/tv\/muj-ucet\/"},"modified":"2025-03-25T06:52:43","modified_gmt":"2025-03-25T05:52:43","slug":"muj-ucet","status":"publish","type":"page","link":"https:\/\/test.olsavsky.cz\/tv\/aktualni-kurzy\/muj-ucet\/","title":{"rendered":"M\u016fj \u00fa\u010det"},"content":{"rendered":"<div class=\"woocommerce\"><\/div>\n","protected":false},"excerpt":{"rendered":"","protected":false},"author":1,"featured_media":0,"parent":38,"menu_order":1,"comment_status":"closed","ping_status":"closed","template":"","meta":{"footnotes":""},"class_list":["post-41","page","type-page","status-publish","hentry"],"yoast_head":"<!-- This site is optimized with the Yoast SEO plugin v27.2 - https:\/\/yoast.com\/product\/yoast-seo-wordpress\/ -->\n<title>M\u016fj \u00fa\u010det - Tane\u010dn\u00ed Vitkovi<\/title>\n<meta name=\"robots\" content=\"noindex, follow, max-snippet:-1, max-image-preview:large, max-video-preview:-1\" \/>\n<meta property=\"og:locale\" content=\"cs_CZ\" \/>\n<meta property=\"og:type\" content=\"article\" \/>\n<meta property=\"og:title\" content=\"M\u016fj \u00fa\u010det - Tane\u010dn\u00ed Vitkovi\" \/>\n<meta property=\"og:url\" content=\"https:\/\/test.olsavsky.cz\/tv\/aktualni-kurzy\/muj-ucet\/\" \/>\n<meta property=\"og:site_name\" content=\"Tane\u010dn\u00ed Vitkovi\" \/>\n<meta property=\"article:modified_time\" content=\"2025-03-25T05:52:43+00:00\" \/>\n<meta name=\"twitter:card\" content=\"summary_large_image\" \/>\n<script type=\"application\/ld+json\" class=\"yoast-schema-graph\">{\"@context\":\"https:\/\/schema.org\",\"@graph\":[{\"@type\":\"WebPage\",\"@id\":\"https:\/\/test.olsavsky.cz\/tv\/aktualni-kurzy\/muj-ucet\/\",\"url\":\"https:\/\/test.olsavsky.cz\/tv\/aktualni-kurzy\/muj-ucet\/\",\"name\":\"M\u016fj \u00fa\u010det - Tane\u010dn\u00ed Vitkovi\",\"isPartOf\":{\"@id\":\"https:\/\/test.olsavsky.cz\/tv\/#website\"},\"datePublished\":\"2025-03-25T05:18:09+00:00\",\"dateModified\":\"2025-03-25T05:52:43+00:00\",\"breadcrumb\":{\"@id\":\"https:\/\/test.olsavsky.cz\/tv\/aktualni-kurzy\/muj-ucet\/#breadcrumb\"},\"inLanguage\":\"cs\",\"potentialAction\":[{\"@type\":\"ReadAction\",\"target\":[\"https:\/\/test.olsavsky.cz\/tv\/aktualni-kurzy\/muj-ucet\/\"]}]},{\"@type\":\"BreadcrumbList\",\"@id\":\"https:\/\/test.olsavsky.cz\/tv\/aktualni-kurzy\/muj-ucet\/#breadcrumb\",\"itemListElement\":[{\"@type\":\"ListItem\",\"position\":1,\"name\":\"Dom\u016f\",\"item\":\"https:\/\/test.olsavsky.cz\/tv\/\"},{\"@type\":\"ListItem\",\"position\":2,\"name\":\"Kurzy\",\"item\":\"https:\/\/test.olsavsky.cz\/tv\/aktualni-kurzy\/\"},{\"@type\":\"ListItem\",\"position\":3,\"name\":\"M\u016fj \u00fa\u010det\"}]},{\"@type\":\"WebSite\",\"@id\":\"https:\/\/test.olsavsky.cz\/tv\/#website\",\"url\":\"https:\/\/test.olsavsky.cz\/tv\/\",\"name\":\"Tane\u010dn\u00ed Vitkovi\",\"description\":\"\u2026tan\u010dete s n\u00e1mi pro radost\",\"publisher\":{\"@id\":\"https:\/\/test.olsavsky.cz\/tv\/#organization\"},\"potentialAction\":[{\"@type\":\"SearchAction\",\"target\":{\"@type\":\"EntryPoint\",\"urlTemplate\":\"https:\/\/test.olsavsky.cz\/tv\/?s={search_term_string}\"},\"query-input\":{\"@type\":\"PropertyValueSpecification\",\"valueRequired\":true,\"valueName\":\"search_term_string\"}}],\"inLanguage\":\"cs\"},{\"@type\":\"Organization\",\"@id\":\"https:\/\/test.olsavsky.cz\/tv\/#organization\",\"name\":\"Tane\u010dn\u00ed Vitkovi\",\"url\":\"https:\/\/test.olsavsky.cz\/tv\/\",\"logo\":{\"@type\":\"ImageObject\",\"inLanguage\":\"cs\",\"@id\":\"https:\/\/test.olsavsky.cz\/tv\/#\/schema\/logo\/image\/\",\"url\":\"https:\/\/test.olsavsky.cz\/tv\/wp-content\/uploads\/2025\/03\/logo.svg\",\"contentUrl\":\"https:\/\/test.olsavsky.cz\/tv\/wp-content\/uploads\/2025\/03\/logo.svg\",\"caption\":\"Tane\u010dn\u00ed Vitkovi\"},\"image\":{\"@id\":\"https:\/\/test.olsavsky.cz\/tv\/#\/schema\/logo\/image\/\"}}]}<\/script>\n<!-- \/ Yoast SEO plugin. -->","yoast_head_json":{"title":"M\u016fj \u00fa\u010det - Tane\u010dn\u00ed Vitkovi","robots":{"index":"noindex","follow":"follow","max-snippet":"max-snippet:-1","max-image-preview":"max-image-preview:large","max-video-preview":"max-video-preview:-1"},"og_locale":"cs_CZ","og_type":"article","og_title":"M\u016fj \u00fa\u010det - Tane\u010dn\u00ed Vitkovi","og_url":"https:\/\/test.olsavsky.cz\/tv\/aktualni-kurzy\/muj-ucet\/","og_site_name":"Tane\u010dn\u00ed Vitkovi","article_modified_time":"2025-03-25T05:52:43+00:00","twitter_card":"summary_large_image","schema":{"@context":"https:\/\/schema.org","@graph":[{"@type":"WebPage","@id":"https:\/\/test.olsavsky.cz\/tv\/aktualni-kurzy\/muj-ucet\/","url":"https:\/\/test.olsavsky.cz\/tv\/aktualni-kurzy\/muj-ucet\/","name":"M\u016fj \u00fa\u010det - Tane\u010dn\u00ed Vitkovi","isPartOf":{"@id":"https:\/\/test.olsavsky.cz\/tv\/#website"},"datePublished":"2025-03-25T05:18:09+00:00","dateModified":"2025-03-25T05:52:43+00:00","breadcrumb":{"@id":"https:\/\/test.olsavsky.cz\/tv\/aktualni-kurzy\/muj-ucet\/#breadcrumb"},"inLanguage":"cs","potentialAction":[{"@type":"ReadAction","target":["https:\/\/test.olsavsky.cz\/tv\/aktualni-kurzy\/muj-ucet\/"]}]},{"@type":"BreadcrumbList","@id":"https:\/\/test.olsavsky.cz\/tv\/aktualni-kurzy\/muj-ucet\/#breadcrumb","itemListElement":[{"@type":"ListItem","position":1,"name":"Dom\u016f","item":"https:\/\/test.olsavsky.cz\/tv\/"},{"@type":"ListItem","position":2,"name":"Kurzy","item":"https:\/\/test.olsavsky.cz\/tv\/aktualni-kurzy\/"},{"@type":"ListItem","position":3,"name":"M\u016fj \u00fa\u010det"}]},{"@type":"WebSite","@id":"https:\/\/test.olsavsky.cz\/tv\/#website","url":"https:\/\/test.olsavsky.cz\/tv\/","name":"Tane\u010dn\u00ed Vitkovi","description":"\u2026tan\u010dete s n\u00e1mi pro radost","publisher":{"@id":"https:\/\/test.olsavsky.cz\/tv\/#organization"},"potentialAction":[{"@type":"SearchAction","target":{"@type":"EntryPoint","urlTemplate":"https:\/\/test.olsavsky.cz\/tv\/?s={search_term_string}"},"query-input":{"@type":"PropertyValueSpecification","valueRequired":true,"valueName":"search_term_string"}}],"inLanguage":"cs"},{"@type":"Organization","@id":"https:\/\/test.olsavsky.cz\/tv\/#organization","name":"Tane\u010dn\u00ed Vitkovi","url":"https:\/\/test.olsavsky.cz\/tv\/","logo":{"@type":"ImageObject","inLanguage":"cs","@id":"https:\/\/test.olsavsky.cz\/tv\/#\/schema\/logo\/image\/","url":"https:\/\/test.olsavsky.cz\/tv\/wp-content\/uploads\/2025\/03\/logo.svg","contentUrl":"https:\/\/test.olsavsky.cz\/tv\/wp-content\/uploads\/2025\/03\/logo.svg","caption":"Tane\u010dn\u00ed Vitkovi"},"image":{"@id":"https:\/\/test.olsavsky.cz\/tv\/#\/schema\/logo\/image\/"}}]}},"_links":{"self":[{"href":"https:\/\/test.olsavsky.cz\/tv\/wp-json\/wp\/v2\/pages\/41","targetHints":{"allow":["GET"]}}],"collection":[{"href":"https:\/\/test.olsavsky.cz\/tv\/wp-json\/wp\/v2\/pages"}],"about":[{"href":"https:\/\/test.olsavsky.cz\/tv\/wp-json\/wp\/v2\/types\/page"}],"author":[{"embeddable":true,"href":"https:\/\/test.olsavsky.cz\/tv\/wp-json\/wp\/v2\/users\/1"}],"replies":[{"embeddable":true,"href":"https:\/\/test.olsavsky.cz\/tv\/wp-json\/wp\/v2\/comments?post=41"}],"version-history":[{"count":1,"href":"https:\/\/test.olsavsky.cz\/tv\/wp-json\/wp\/v2\/pages\/41\/revisions"}],"predecessor-version":[{"id":53,"href":"https:\/\/test.olsavsky.cz\/tv\/wp-json\/wp\/v2\/pages\/41\/revisions\/53"}],"up":[{"embeddable":true,"href":"https:\/\/test.olsavsky.cz\/tv\/wp-json\/wp\/v2\/pages\/38"}],"wp:attachment":[{"href":"https:\/\/test.olsavsky.cz\/tv\/wp-json\/wp\/v2\/media?parent=41"}],"curies":[{"name":"wp","href":"https:\/\/api.w.org\/{rel}","templated":true}]}}