{"id":3,"date":"2022-05-10T14:36:00","date_gmt":"2022-05-10T14:36:00","guid":{"rendered":"https:\/\/test.olsavsky.cz\/tv\/?page_id=3"},"modified":"2025-04-13T14:54:58","modified_gmt":"2025-04-13T12:54:58","slug":"privacy-policy","status":"publish","type":"page","link":"https:\/\/test.olsavsky.cz\/tv\/kontakt\/privacy-policy\/","title":{"rendered":"Z\u00e1sady ochrany soukrom\u00ed"},"content":{"rendered":"\n<h2 class=\"wp-block-heading\">Kdo jsme<\/h2>\n\n\n\n<p>Adresa na\u0161\u00ed webov\u00e9 str\u00e1nky je: https:\/\/test.olsavsky.cz\/tv. (Pozn\u00e1mka: Pokud m\u00e1te jinou adresu, pros\u00edm, uve\u010fte va\u0161i skute\u010dnou webovou adresu.)<\/p>\n\n\n\n<h2 class=\"wp-block-heading\">Koment\u00e1\u0159e<\/h2>\n\n\n\n<p>Kdy\u017e n\u00e1v\u0161t\u011bvn\u00edci p\u0159id\u00e1vaj\u00ed koment\u00e1\u0159e na tuto str\u00e1nku, shroma\u017e\u010fujeme \u00fadaje zobrazen\u00e9 ve formul\u00e1\u0159i pro koment\u00e1\u0159e, a tak\u00e9 IP adresu n\u00e1v\u0161t\u011bvn\u00edka a \u0159et\u011bzec user agent prohl\u00ed\u017ee\u010de, abychom pomohli s detekc\u00ed spamu.<\/p>\n\n\n\n<p>Anonymizovan\u00fd \u0159et\u011bzec vytvo\u0159en\u00fd z va\u0161\u00ed e-mailov\u00e9 adresy (naz\u00fdvan\u00fd tak\u00e9 hash) m\u016f\u017ee b\u00fdt poskytnut slu\u017eb\u011b Gravatar, aby se ov\u011b\u0159ilo, zda ji pou\u017e\u00edv\u00e1te. Z\u00e1sady ochrany soukrom\u00ed slu\u017eby Gravatar jsou dostupn\u00e9 zde: https:\/\/automattic.com\/privacy\/. Po schv\u00e1len\u00ed va\u0161eho koment\u00e1\u0159e je v\u00e1\u0161 profilov\u00fd obr\u00e1zek viditeln\u00fd ve\u0159ejn\u011b v kontextu va\u0161eho koment\u00e1\u0159e.<\/p>\n\n\n\n<h2 class=\"wp-block-heading\">M\u00e9dia<\/h2>\n\n\n\n<p>Pokud nahr\u00e1v\u00e1te obr\u00e1zky na webovou str\u00e1nku, m\u011bli byste se vyhnout nahr\u00e1v\u00e1n\u00ed obr\u00e1zk\u016f s vlo\u017een\u00fdmi \u00fadaji o poloze (EXIF GPS). N\u00e1v\u0161t\u011bvn\u00edci webov\u00e9 str\u00e1nky mohou st\u00e1hnout a extrahovat jak\u00e9koli \u00fadaje o poloze z obr\u00e1zk\u016f na webov\u00e9 str\u00e1nce.<\/p>\n\n\n\n<h2 class=\"wp-block-heading\">Soubory cookies<\/h2>\n\n\n\n<p>Pokud na na\u0161ich str\u00e1nk\u00e1ch zanech\u00e1te koment\u00e1\u0159, m\u016f\u017eete povolit ulo\u017een\u00ed va\u0161eho jm\u00e9na, e-mailov\u00e9 adresy a webov\u00e9 str\u00e1nky do soubor\u016f cookies. To je pro va\u0161e pohodl\u00ed, abyste nemuseli znovu vypl\u0148ovat sv\u00e9 \u00fadaje, a\u017e budete p\u0159id\u00e1vat dal\u0161\u00ed koment\u00e1\u0159. Tyto soubory cookies budou ulo\u017eeny po dobu jednoho roku.<\/p>\n\n\n\n<p>Pokud nav\u0161t\u00edv\u00edte na\u0161i p\u0159ihla\u0161ovac\u00ed str\u00e1nku, nastav\u00edme do\u010dasn\u00fd soubor cookie, abychom zjistili, zda v\u00e1\u0161 prohl\u00ed\u017ee\u010d p\u0159ij\u00edm\u00e1 soubory cookies. Tento soubor cookie neobsahuje \u017e\u00e1dn\u00e9 osobn\u00ed \u00fadaje a je zahozen, kdy\u017e zav\u0159ete prohl\u00ed\u017ee\u010d.<\/p>\n\n\n\n<p>P\u0159i p\u0159ihl\u00e1\u0161en\u00ed nastav\u00edme tak\u00e9 n\u011bkolik soubor\u016f cookies pro ulo\u017een\u00ed va\u0161ich p\u0159ihla\u0161ovac\u00edch \u00fadaj\u016f a va\u0161ich preferenc\u00ed zobrazen\u00ed obrazovky. P\u0159ihla\u0161ovac\u00ed soubory cookies jsou platn\u00e9 dva dny a soubory cookies pro nastaven\u00ed zobrazen\u00ed jsou platn\u00e9 jeden rok. Pokud vyberete mo\u017enost &#8222;Zapamatovat si m\u011b&#8220;, va\u0161e p\u0159ihl\u00e1\u0161en\u00ed z\u016fstane aktivn\u00ed po dobu dvou t\u00fddn\u016f. Pokud se ze sv\u00e9ho \u00fa\u010dtu odhl\u00e1s\u00edte, p\u0159ihla\u0161ovac\u00ed soubory cookies budou odstran\u011bny.<\/p>\n\n\n\n<p>Pokud uprav\u00edte nebo publikujete \u010dl\u00e1nek, bude ve va\u0161em prohl\u00ed\u017ee\u010di ulo\u017een dal\u0161\u00ed soubor cookie. Tento soubor cookie neobsahuje \u017e\u00e1dn\u00e9 osobn\u00ed \u00fadaje a jednodu\u0161e ozna\u010duje ID p\u0159\u00edsp\u011bvku \u010dl\u00e1nku, kter\u00fd jste pr\u00e1v\u011b upravili. Jeho platnost vypr\u0161\u00ed po 1 dni.<\/p>\n\n\n\n<h2 class=\"wp-block-heading\">Vlo\u017een\u00fd obsah z jin\u00fdch webov\u00fdch str\u00e1nek<\/h2>\n\n\n\n<p>Navrhovan\u00fd text: \u010cl\u00e1nky na t\u00e9to str\u00e1nce mohou obsahovat vlo\u017een\u00fd obsah (nap\u0159\u00edklad videa, obr\u00e1zky, \u010dl\u00e1nky atd.). Vlo\u017een\u00fd obsah z jin\u00fdch webov\u00fdch str\u00e1nek se chov\u00e1 naprosto stejn\u011b, jako kdyby n\u00e1v\u0161t\u011bvn\u00edk nav\u0161t\u00edvil jinou webovou str\u00e1nku.<\/p>\n\n\n\n<p>Tyto webov\u00e9 str\u00e1nky mohou shroma\u017e\u010fovat \u00fadaje o v\u00e1s, pou\u017e\u00edvat soubory cookies, vkl\u00e1dat dal\u0161\u00ed sledov\u00e1n\u00ed t\u0159et\u00edch stran a monitorovat va\u0161i interakci s t\u00edmto vlo\u017een\u00fdm obsahem, v\u010detn\u011b sledov\u00e1n\u00ed va\u0161\u00ed interakce s vlo\u017een\u00fdm obsahem, pokud m\u00e1te \u00fa\u010det a jste k dan\u00e9 webov\u00e9 str\u00e1nce p\u0159ihl\u00e1\u0161eni.<\/p>\n\n\n\n<p>Podrobn\u011bj\u0161\u00ed informace o cookies jsou na <a href=\"https:\/\/test.olsavsky.cz\/tv\/kontakt\/zasady-cookies-eu\/\">zvl\u00e1\u0161tn\u00ed str\u00e1nce<\/a>.<\/p>\n\n\n\n<h2 class=\"wp-block-heading\">S k\u00fdm sd\u00edl\u00edme va\u0161e \u00fadaje<\/h2>\n\n\n\n<p>Pokud po\u017e\u00e1d\u00e1te o obnoven\u00ed hesla, va\u0161e IP adresa bude zahrnuta do e-mailu pro obnoven\u00ed hesla.<\/p>\n\n\n\n<h2 class=\"wp-block-heading\">Jak dlouho uchov\u00e1v\u00e1me va\u0161e \u00fadaje<\/h2>\n\n\n\n<p>Pokud zanech\u00e1te koment\u00e1\u0159, koment\u00e1\u0159 a jeho metadata jsou uchov\u00e1v\u00e1ny po neomezenou dobu. To je proto, abychom mohli automaticky rozpoznat a schv\u00e1lit jak\u00e9koli navazuj\u00edc\u00ed koment\u00e1\u0159e, m\u00edsto abychom je dr\u017eeli ve front\u011b moderov\u00e1n\u00ed.<\/p>\n\n\n\n<p>Pro u\u017eivatele, kte\u0159\u00ed se registruj\u00ed na na\u0161ich webov\u00fdch str\u00e1nk\u00e1ch (pokud existuj\u00ed), ukl\u00e1d\u00e1me tak\u00e9 osobn\u00ed \u00fadaje, kter\u00e9 poskytnou ve sv\u00e9m u\u017eivatelsk\u00e9m profilu. V\u0161ichni u\u017eivatel\u00e9 mohou kdykoli zobrazit, upravit nebo smazat sv\u00e9 osobn\u00ed \u00fadaje (krom\u011b toho, \u017ee nemohou zm\u011bnit sv\u00e9 u\u017eivatelsk\u00e9 jm\u00e9no).<\/p>\n\n\n\n<p>Administr\u00e1to\u0159i webov\u00fdch str\u00e1nek mohou tyto informace tak\u00e9 zobrazit a upravit.<\/p>\n\n\n\n<h2 class=\"wp-block-heading\">Jak\u00e1 m\u00e1te pr\u00e1va ohledn\u011b sv\u00fdch \u00fadaj\u016f<\/h2>\n\n\n\n<p>Pokud m\u00e1te na t\u00e9to str\u00e1nce \u00fa\u010det nebo jste zanechali koment\u00e1\u0159e, m\u016f\u017eete po\u017e\u00e1dat o zasl\u00e1n\u00ed exportovan\u00e9ho souboru osobn\u00edch \u00fadaj\u016f, kter\u00e9 o v\u00e1s uchov\u00e1v\u00e1me, v\u010detn\u011b v\u0161ech \u00fadaj\u016f, kter\u00e9 jste n\u00e1m poskytli. M\u016f\u017eete tak\u00e9 po\u017e\u00e1dat o vymaz\u00e1n\u00ed ve\u0161ker\u00fdch osobn\u00edch \u00fadaj\u016f, kter\u00e9 o v\u00e1s uchov\u00e1v\u00e1me. To nezahrnuje \u017e\u00e1dn\u00e9 \u00fadaje, kter\u00e9 jsme povinni uchov\u00e1vat pro administrativn\u00ed, pr\u00e1vn\u00ed nebo bezpe\u010dnostn\u00ed \u00fa\u010dely.<\/p>\n\n\n\n<h2 class=\"wp-block-heading\">Kam odes\u00edl\u00e1me va\u0161e \u00fadaje<\/h2>\n\n\n\n<p>Koment\u00e1\u0159e n\u00e1v\u0161t\u011bvn\u00edk\u016f mohou b\u00fdt kontrolov\u00e1ny prost\u0159ednictv\u00edm automatizovan\u00e9 slu\u017eby detekce spamu.<\/p>\n","protected":false},"excerpt":{"rendered":"<p>Kdo jsme Adresa na\u0161\u00ed webov\u00e9 str\u00e1nky je: https:\/\/test.olsavsky.cz\/tv. (Pozn\u00e1mka: Pokud m\u00e1te jinou adresu, pros\u00edm, uve\u010fte va\u0161i skute\u010dnou webovou adresu.) Koment\u00e1\u0159e Kdy\u017e n\u00e1v\u0161t\u011bvn\u00edci p\u0159id\u00e1vaj\u00ed koment\u00e1\u0159e na tuto str\u00e1nku, shroma\u017e\u010fujeme \u00fadaje zobrazen\u00e9 ve formul\u00e1\u0159i pro koment\u00e1\u0159e, a tak\u00e9 IP adresu n\u00e1v\u0161t\u011bvn\u00edka a \u0159et\u011bzec user agent prohl\u00ed\u017ee\u010de, abychom pomohli s detekc\u00ed spamu. Anonymizovan\u00fd \u0159et\u011bzec vytvo\u0159en\u00fd z va\u0161\u00ed e-mailov\u00e9 [&hellip;]<\/p>\n","protected":false},"author":1,"featured_media":0,"parent":145,"menu_order":3,"comment_status":"closed","ping_status":"closed","template":"","meta":{"footnotes":""},"class_list":["post-3","page","type-page","status-publish","hentry"],"yoast_head":"<!-- This site is optimized with the Yoast SEO plugin v27.2 - https:\/\/yoast.com\/product\/yoast-seo-wordpress\/ -->\n<title>Z\u00e1sady ochrany soukrom\u00ed - Tane\u010dn\u00ed Vitkovi<\/title>\n<meta name=\"description\" content=\"Z\u00e1sady ochrany osobn\u00edch \u00fadaj\u016f na str\u00e1nk\u00e1ch Tane\u010dn\u00ed Vitkovi.\" \/>\n<meta name=\"robots\" content=\"noindex, follow, max-snippet:-1, max-image-preview:large, max-video-preview:-1\" \/>\n<meta property=\"og:locale\" content=\"cs_CZ\" \/>\n<meta property=\"og:type\" content=\"article\" \/>\n<meta property=\"og:title\" content=\"Z\u00e1sady ochrany soukrom\u00ed - Tane\u010dn\u00ed Vitkovi\" \/>\n<meta property=\"og:description\" content=\"Z\u00e1sady ochrany osobn\u00edch \u00fadaj\u016f na str\u00e1nk\u00e1ch Tane\u010dn\u00ed Vitkovi.\" \/>\n<meta property=\"og:url\" content=\"https:\/\/test.olsavsky.cz\/tv\/kontakt\/privacy-policy\/\" \/>\n<meta property=\"og:site_name\" content=\"Tane\u010dn\u00ed Vitkovi\" \/>\n<meta property=\"article:modified_time\" content=\"2025-04-13T12:54:58+00:00\" \/>\n<meta name=\"twitter:card\" content=\"summary_large_image\" \/>\n<meta name=\"twitter:label1\" content=\"Odhadovan\u00e1 doba \u010dten\u00ed\" \/>\n\t<meta name=\"twitter:data1\" content=\"4 minuty\" \/>\n<script type=\"application\/ld+json\" class=\"yoast-schema-graph\">{\"@context\":\"https:\/\/schema.org\",\"@graph\":[{\"@type\":\"WebPage\",\"@id\":\"https:\/\/test.olsavsky.cz\/tv\/kontakt\/privacy-policy\/\",\"url\":\"https:\/\/test.olsavsky.cz\/tv\/kontakt\/privacy-policy\/\",\"name\":\"Z\u00e1sady ochrany soukrom\u00ed - Tane\u010dn\u00ed Vitkovi\",\"isPartOf\":{\"@id\":\"https:\/\/test.olsavsky.cz\/tv\/#website\"},\"datePublished\":\"2022-05-10T14:36:00+00:00\",\"dateModified\":\"2025-04-13T12:54:58+00:00\",\"description\":\"Z\u00e1sady ochrany osobn\u00edch \u00fadaj\u016f na str\u00e1nk\u00e1ch Tane\u010dn\u00ed Vitkovi.\",\"breadcrumb\":{\"@id\":\"https:\/\/test.olsavsky.cz\/tv\/kontakt\/privacy-policy\/#breadcrumb\"},\"inLanguage\":\"cs\",\"potentialAction\":[{\"@type\":\"ReadAction\",\"target\":[\"https:\/\/test.olsavsky.cz\/tv\/kontakt\/privacy-policy\/\"]}]},{\"@type\":\"BreadcrumbList\",\"@id\":\"https:\/\/test.olsavsky.cz\/tv\/kontakt\/privacy-policy\/#breadcrumb\",\"itemListElement\":[{\"@type\":\"ListItem\",\"position\":1,\"name\":\"Dom\u016f\",\"item\":\"https:\/\/test.olsavsky.cz\/tv\/\"},{\"@type\":\"ListItem\",\"position\":2,\"name\":\"Kontakt\",\"item\":\"https:\/\/test.olsavsky.cz\/tv\/kontakt\/\"},{\"@type\":\"ListItem\",\"position\":3,\"name\":\"Z\u00e1sady ochrany soukrom\u00ed\"}]},{\"@type\":\"WebSite\",\"@id\":\"https:\/\/test.olsavsky.cz\/tv\/#website\",\"url\":\"https:\/\/test.olsavsky.cz\/tv\/\",\"name\":\"Tane\u010dn\u00ed Vitkovi\",\"description\":\"\u2026tan\u010dete s n\u00e1mi pro radost\",\"publisher\":{\"@id\":\"https:\/\/test.olsavsky.cz\/tv\/#organization\"},\"potentialAction\":[{\"@type\":\"SearchAction\",\"target\":{\"@type\":\"EntryPoint\",\"urlTemplate\":\"https:\/\/test.olsavsky.cz\/tv\/?s={search_term_string}\"},\"query-input\":{\"@type\":\"PropertyValueSpecification\",\"valueRequired\":true,\"valueName\":\"search_term_string\"}}],\"inLanguage\":\"cs\"},{\"@type\":\"Organization\",\"@id\":\"https:\/\/test.olsavsky.cz\/tv\/#organization\",\"name\":\"Tane\u010dn\u00ed Vitkovi\",\"url\":\"https:\/\/test.olsavsky.cz\/tv\/\",\"logo\":{\"@type\":\"ImageObject\",\"inLanguage\":\"cs\",\"@id\":\"https:\/\/test.olsavsky.cz\/tv\/#\/schema\/logo\/image\/\",\"url\":\"https:\/\/test.olsavsky.cz\/tv\/wp-content\/uploads\/2025\/03\/logo.svg\",\"contentUrl\":\"https:\/\/test.olsavsky.cz\/tv\/wp-content\/uploads\/2025\/03\/logo.svg\",\"caption\":\"Tane\u010dn\u00ed Vitkovi\"},\"image\":{\"@id\":\"https:\/\/test.olsavsky.cz\/tv\/#\/schema\/logo\/image\/\"}}]}<\/script>\n<!-- \/ Yoast SEO plugin. -->","yoast_head_json":{"title":"Z\u00e1sady ochrany soukrom\u00ed - Tane\u010dn\u00ed Vitkovi","description":"Z\u00e1sady ochrany osobn\u00edch \u00fadaj\u016f na str\u00e1nk\u00e1ch Tane\u010dn\u00ed Vitkovi.","robots":{"index":"noindex","follow":"follow","max-snippet":"max-snippet:-1","max-image-preview":"max-image-preview:large","max-video-preview":"max-video-preview:-1"},"og_locale":"cs_CZ","og_type":"article","og_title":"Z\u00e1sady ochrany soukrom\u00ed - Tane\u010dn\u00ed Vitkovi","og_description":"Z\u00e1sady ochrany osobn\u00edch \u00fadaj\u016f na str\u00e1nk\u00e1ch Tane\u010dn\u00ed Vitkovi.","og_url":"https:\/\/test.olsavsky.cz\/tv\/kontakt\/privacy-policy\/","og_site_name":"Tane\u010dn\u00ed Vitkovi","article_modified_time":"2025-04-13T12:54:58+00:00","twitter_card":"summary_large_image","twitter_misc":{"Odhadovan\u00e1 doba \u010dten\u00ed":"4 minuty"},"schema":{"@context":"https:\/\/schema.org","@graph":[{"@type":"WebPage","@id":"https:\/\/test.olsavsky.cz\/tv\/kontakt\/privacy-policy\/","url":"https:\/\/test.olsavsky.cz\/tv\/kontakt\/privacy-policy\/","name":"Z\u00e1sady ochrany soukrom\u00ed - Tane\u010dn\u00ed Vitkovi","isPartOf":{"@id":"https:\/\/test.olsavsky.cz\/tv\/#website"},"datePublished":"2022-05-10T14:36:00+00:00","dateModified":"2025-04-13T12:54:58+00:00","description":"Z\u00e1sady ochrany osobn\u00edch \u00fadaj\u016f na str\u00e1nk\u00e1ch Tane\u010dn\u00ed Vitkovi.","breadcrumb":{"@id":"https:\/\/test.olsavsky.cz\/tv\/kontakt\/privacy-policy\/#breadcrumb"},"inLanguage":"cs","potentialAction":[{"@type":"ReadAction","target":["https:\/\/test.olsavsky.cz\/tv\/kontakt\/privacy-policy\/"]}]},{"@type":"BreadcrumbList","@id":"https:\/\/test.olsavsky.cz\/tv\/kontakt\/privacy-policy\/#breadcrumb","itemListElement":[{"@type":"ListItem","position":1,"name":"Dom\u016f","item":"https:\/\/test.olsavsky.cz\/tv\/"},{"@type":"ListItem","position":2,"name":"Kontakt","item":"https:\/\/test.olsavsky.cz\/tv\/kontakt\/"},{"@type":"ListItem","position":3,"name":"Z\u00e1sady ochrany soukrom\u00ed"}]},{"@type":"WebSite","@id":"https:\/\/test.olsavsky.cz\/tv\/#website","url":"https:\/\/test.olsavsky.cz\/tv\/","name":"Tane\u010dn\u00ed Vitkovi","description":"\u2026tan\u010dete s n\u00e1mi pro radost","publisher":{"@id":"https:\/\/test.olsavsky.cz\/tv\/#organization"},"potentialAction":[{"@type":"SearchAction","target":{"@type":"EntryPoint","urlTemplate":"https:\/\/test.olsavsky.cz\/tv\/?s={search_term_string}"},"query-input":{"@type":"PropertyValueSpecification","valueRequired":true,"valueName":"search_term_string"}}],"inLanguage":"cs"},{"@type":"Organization","@id":"https:\/\/test.olsavsky.cz\/tv\/#organization","name":"Tane\u010dn\u00ed Vitkovi","url":"https:\/\/test.olsavsky.cz\/tv\/","logo":{"@type":"ImageObject","inLanguage":"cs","@id":"https:\/\/test.olsavsky.cz\/tv\/#\/schema\/logo\/image\/","url":"https:\/\/test.olsavsky.cz\/tv\/wp-content\/uploads\/2025\/03\/logo.svg","contentUrl":"https:\/\/test.olsavsky.cz\/tv\/wp-content\/uploads\/2025\/03\/logo.svg","caption":"Tane\u010dn\u00ed Vitkovi"},"image":{"@id":"https:\/\/test.olsavsky.cz\/tv\/#\/schema\/logo\/image\/"}}]}},"_links":{"self":[{"href":"https:\/\/test.olsavsky.cz\/tv\/wp-json\/wp\/v2\/pages\/3","targetHints":{"allow":["GET"]}}],"collection":[{"href":"https:\/\/test.olsavsky.cz\/tv\/wp-json\/wp\/v2\/pages"}],"about":[{"href":"https:\/\/test.olsavsky.cz\/tv\/wp-json\/wp\/v2\/types\/page"}],"author":[{"embeddable":true,"href":"https:\/\/test.olsavsky.cz\/tv\/wp-json\/wp\/v2\/users\/1"}],"replies":[{"embeddable":true,"href":"https:\/\/test.olsavsky.cz\/tv\/wp-json\/wp\/v2\/comments?post=3"}],"version-history":[{"count":1,"href":"https:\/\/test.olsavsky.cz\/tv\/wp-json\/wp\/v2\/pages\/3\/revisions"}],"predecessor-version":[{"id":174,"href":"https:\/\/test.olsavsky.cz\/tv\/wp-json\/wp\/v2\/pages\/3\/revisions\/174"}],"up":[{"embeddable":true,"href":"https:\/\/test.olsavsky.cz\/tv\/wp-json\/wp\/v2\/pages\/145"}],"wp:attachment":[{"href":"https:\/\/test.olsavsky.cz\/tv\/wp-json\/wp\/v2\/media?parent=3"}],"curies":[{"name":"wp","href":"https:\/\/api.w.org\/{rel}","templated":true}]}}