{"id":145,"date":"2025-04-10T12:42:32","date_gmt":"2025-04-10T10:42:32","guid":{"rendered":"https:\/\/test.olsavsky.cz\/tv\/?page_id=145"},"modified":"2025-05-21T18:40:02","modified_gmt":"2025-05-21T16:40:02","slug":"kontakt","status":"publish","type":"page","link":"https:\/\/test.olsavsky.cz\/tv\/kontakt\/","title":{"rendered":"Kontakt"},"content":{"rendered":"\n<p><\/p>\n\n\n\n<div class=\"wp-block-columns is-layout-flex wp-container-core-columns-is-layout-28f84493 wp-block-columns-is-layout-flex\">\n<div class=\"wp-block-column is-layout-flow wp-block-column-is-layout-flow\">\n<div class=\"wpcf7 no-js\" id=\"wpcf7-f138-o1\" lang=\"cs-CZ\" dir=\"ltr\" data-wpcf7-id=\"138\">\n<div class=\"screen-reader-response\"><p role=\"status\" aria-live=\"polite\" aria-atomic=\"true\"><\/p> <ul><\/ul><\/div>\n<form action=\"\/tv\/wp-json\/wp\/v2\/pages\/145#wpcf7-f138-o1\" method=\"post\" class=\"wpcf7-form init\" aria-label=\"Kontaktn\u00ed formul\u00e1\u0159\" novalidate=\"novalidate\" data-status=\"init\">\n<fieldset class=\"hidden-fields-container\"><input type=\"hidden\" name=\"_wpcf7\" value=\"138\" \/><input type=\"hidden\" name=\"_wpcf7_version\" value=\"6.1.5\" \/><input type=\"hidden\" name=\"_wpcf7_locale\" value=\"cs_CZ\" \/><input type=\"hidden\" name=\"_wpcf7_unit_tag\" value=\"wpcf7-f138-o1\" \/><input type=\"hidden\" name=\"_wpcf7_container_post\" value=\"0\" \/><input type=\"hidden\" name=\"_wpcf7_posted_data_hash\" value=\"\" \/>\n<\/fieldset>\n<p><label> Va\u0161e jm\u00e9no<br \/>\n<span class=\"wpcf7-form-control-wrap\" data-name=\"your-name\"><input size=\"40\" maxlength=\"400\" class=\"wpcf7-form-control wpcf7-text wpcf7-validates-as-required\" autocomplete=\"name\" aria-required=\"true\" aria-invalid=\"false\" value=\"\" type=\"text\" name=\"your-name\" \/><\/span> <\/label>\n<\/p>\n<p><label> V\u00e1\u0161 e-mail<br \/>\n<span class=\"wpcf7-form-control-wrap\" data-name=\"your-email\"><input size=\"40\" maxlength=\"400\" class=\"wpcf7-form-control wpcf7-email wpcf7-validates-as-required wpcf7-text wpcf7-validates-as-email\" autocomplete=\"email\" aria-required=\"true\" aria-invalid=\"false\" value=\"\" type=\"email\" name=\"your-email\" \/><\/span> <\/label>\n<\/p>\n<p><label> V\u00e1\u0161 telefon<br \/>\n<span class=\"wpcf7-form-control-wrap\" data-name=\"telnum\"><input size=\"40\" maxlength=\"400\" class=\"wpcf7-form-control wpcf7-tel wpcf7-text wpcf7-validates-as-tel\" aria-invalid=\"false\" placeholder=\"+420-800-123-456\" value=\"\" type=\"tel\" name=\"telnum\" \/><\/span> <\/label>\n<\/p>\n<p><label> P\u0159edm\u011bt<br \/>\n<span class=\"wpcf7-form-control-wrap\" data-name=\"your-subject\"><input size=\"40\" maxlength=\"400\" class=\"wpcf7-form-control wpcf7-text wpcf7-validates-as-required\" aria-required=\"true\" aria-invalid=\"false\" value=\"\" type=\"text\" name=\"your-subject\" \/><\/span> <\/label>\n<\/p>\n<p><label> Va\u0161e zpr\u00e1va (voliteln\u00fd)<br \/>\n<span class=\"wpcf7-form-control-wrap\" data-name=\"your-message\"><textarea cols=\"40\" rows=\"10\" maxlength=\"2000\" class=\"wpcf7-form-control wpcf7-textarea\" aria-invalid=\"false\" name=\"your-message\"><\/textarea><\/span> <\/label>\n<\/p>\n<p><input class=\"wpcf7-form-control wpcf7-submit has-spinner\" type=\"submit\" value=\"Odeslat\" \/>\n<\/p><div class=\"wpcf7-response-output\" aria-hidden=\"true\"><\/div>\n<\/form>\n<\/div>\n\n<\/div>\n\n\n\n<div class=\"wp-block-column is-layout-flow wp-block-column-is-layout-flow\">\n<h4 class=\"wp-block-heading\">Kontaktn\u00ed \u00fadaje<\/h4>\n\n\n\n<div class=\"wp-block-group is-nowrap is-layout-flex wp-container-core-group-is-layout-6c531013 wp-block-group-is-layout-flex\">\n<h4 class=\"wp-block-heading\">\u260e<\/h4>\n\n\n\n<p class=\"has-medium-font-size\">&nbsp;<a href=\"tel:+420774897929\">774 897 929<\/a><\/p>\n<\/div>\n\n\n\n<div class=\"wp-block-group is-nowrap is-layout-flex wp-container-core-group-is-layout-6c531013 wp-block-group-is-layout-flex\">\n<h4 class=\"wp-block-heading\">\u260e<\/h4>\n\n\n\n<p class=\"has-medium-font-size\">\u00a0<a href=\"tel:+420777510950\">777 510 950<\/a><\/p>\n<\/div>\n\n\n\n<p class=\"is-style-default has-small-font-size\">Pokud n\u00e1s nezastihnete, zatelefonujeme zp\u011bt.<\/p>\n\n\n\n<p><strong>Ji\u0159\u00ed Vitko<\/strong><br>J. V. Sl\u00e1dka 1543\/20<br>415 01 Teplice<\/p>\n\n\n\n<p>I\u010c: 64689115<\/p>\n\n\n\n<p><a href=\"https:\/\/www.rzp.cz\/verejne-udaje\/cs\/udaje\/vyber-subjektu;ico=64689115;roleSubjektu=P\/subjekt;ssarzp=Ab3fbad73b2a1e059a96e5975e6a4df6a05557106690c529acbc0068d84df3d8819c3\" target=\"_blank\" rel=\"noreferrer noopener nofollow\">\u017divnostensk\u00fd rejst\u0159\u00edk<\/a><\/p>\n<\/div>\n<\/div>\n\n\n\n<p><\/p>\n","protected":false},"excerpt":{"rendered":"<p>Kontaktn\u00ed \u00fadaje \u260e &nbsp;774 897 929 \u260e \u00a0777 510 950 Pokud n\u00e1s nezastihnete, zatelefonujeme zp\u011bt. Ji\u0159\u00ed VitkoJ. V. Sl\u00e1dka 1543\/20415 01 Teplice I\u010c: 64689115 \u017divnostensk\u00fd rejst\u0159\u00edk<\/p>\n","protected":false},"author":1,"featured_media":0,"parent":0,"menu_order":0,"comment_status":"closed","ping_status":"closed","template":"homepage","meta":{"footnotes":""},"class_list":["post-145","page","type-page","status-publish","hentry"],"yoast_head":"<!-- This site is optimized with the Yoast SEO plugin v27.2 - https:\/\/yoast.com\/product\/yoast-seo-wordpress\/ -->\n<title>Kontakt - Tane\u010dn\u00ed Vitkovi<\/title>\n<meta name=\"robots\" content=\"noindex, follow, max-snippet:-1, max-image-preview:large, max-video-preview:-1\" \/>\n<meta property=\"og:locale\" content=\"cs_CZ\" \/>\n<meta property=\"og:type\" content=\"article\" \/>\n<meta property=\"og:title\" content=\"Kontakt - Tane\u010dn\u00ed Vitkovi\" \/>\n<meta property=\"og:description\" content=\"Kontaktn\u00ed \u00fadaje \u260e &nbsp;774 897 929 \u260e \u00a0777 510 950 Pokud n\u00e1s nezastihnete, zatelefonujeme zp\u011bt. Ji\u0159\u00ed VitkoJ. V. Sl\u00e1dka 1543\/20415 01 Teplice I\u010c: 64689115 \u017divnostensk\u00fd rejst\u0159\u00edk\" \/>\n<meta property=\"og:url\" content=\"https:\/\/test.olsavsky.cz\/tv\/kontakt\/\" \/>\n<meta property=\"og:site_name\" content=\"Tane\u010dn\u00ed Vitkovi\" \/>\n<meta property=\"article:modified_time\" content=\"2025-05-21T16:40:02+00:00\" \/>\n<meta name=\"twitter:card\" content=\"summary_large_image\" \/>\n<meta name=\"twitter:label1\" content=\"Odhadovan\u00e1 doba \u010dten\u00ed\" \/>\n\t<meta name=\"twitter:data1\" content=\"1 minuta\" \/>\n<script type=\"application\/ld+json\" class=\"yoast-schema-graph\">{\"@context\":\"https:\/\/schema.org\",\"@graph\":[{\"@type\":\"WebPage\",\"@id\":\"https:\/\/test.olsavsky.cz\/tv\/kontakt\/\",\"url\":\"https:\/\/test.olsavsky.cz\/tv\/kontakt\/\",\"name\":\"Kontakt - Tane\u010dn\u00ed Vitkovi\",\"isPartOf\":{\"@id\":\"https:\/\/test.olsavsky.cz\/tv\/#website\"},\"datePublished\":\"2025-04-10T10:42:32+00:00\",\"dateModified\":\"2025-05-21T16:40:02+00:00\",\"breadcrumb\":{\"@id\":\"https:\/\/test.olsavsky.cz\/tv\/kontakt\/#breadcrumb\"},\"inLanguage\":\"cs\",\"potentialAction\":[{\"@type\":\"ReadAction\",\"target\":[\"https:\/\/test.olsavsky.cz\/tv\/kontakt\/\"]}]},{\"@type\":\"BreadcrumbList\",\"@id\":\"https:\/\/test.olsavsky.cz\/tv\/kontakt\/#breadcrumb\",\"itemListElement\":[{\"@type\":\"ListItem\",\"position\":1,\"name\":\"Dom\u016f\",\"item\":\"https:\/\/test.olsavsky.cz\/tv\/\"},{\"@type\":\"ListItem\",\"position\":2,\"name\":\"Kontakt\"}]},{\"@type\":\"WebSite\",\"@id\":\"https:\/\/test.olsavsky.cz\/tv\/#website\",\"url\":\"https:\/\/test.olsavsky.cz\/tv\/\",\"name\":\"Tane\u010dn\u00ed Vitkovi\",\"description\":\"\u2026tan\u010dete s n\u00e1mi pro radost\",\"publisher\":{\"@id\":\"https:\/\/test.olsavsky.cz\/tv\/#organization\"},\"potentialAction\":[{\"@type\":\"SearchAction\",\"target\":{\"@type\":\"EntryPoint\",\"urlTemplate\":\"https:\/\/test.olsavsky.cz\/tv\/?s={search_term_string}\"},\"query-input\":{\"@type\":\"PropertyValueSpecification\",\"valueRequired\":true,\"valueName\":\"search_term_string\"}}],\"inLanguage\":\"cs\"},{\"@type\":\"Organization\",\"@id\":\"https:\/\/test.olsavsky.cz\/tv\/#organization\",\"name\":\"Tane\u010dn\u00ed Vitkovi\",\"url\":\"https:\/\/test.olsavsky.cz\/tv\/\",\"logo\":{\"@type\":\"ImageObject\",\"inLanguage\":\"cs\",\"@id\":\"https:\/\/test.olsavsky.cz\/tv\/#\/schema\/logo\/image\/\",\"url\":\"https:\/\/test.olsavsky.cz\/tv\/wp-content\/uploads\/2025\/03\/logo.svg\",\"contentUrl\":\"https:\/\/test.olsavsky.cz\/tv\/wp-content\/uploads\/2025\/03\/logo.svg\",\"caption\":\"Tane\u010dn\u00ed Vitkovi\"},\"image\":{\"@id\":\"https:\/\/test.olsavsky.cz\/tv\/#\/schema\/logo\/image\/\"}}]}<\/script>\n<!-- \/ Yoast SEO plugin. -->","yoast_head_json":{"title":"Kontakt - Tane\u010dn\u00ed Vitkovi","robots":{"index":"noindex","follow":"follow","max-snippet":"max-snippet:-1","max-image-preview":"max-image-preview:large","max-video-preview":"max-video-preview:-1"},"og_locale":"cs_CZ","og_type":"article","og_title":"Kontakt - Tane\u010dn\u00ed Vitkovi","og_description":"Kontaktn\u00ed \u00fadaje \u260e &nbsp;774 897 929 \u260e \u00a0777 510 950 Pokud n\u00e1s nezastihnete, zatelefonujeme zp\u011bt. Ji\u0159\u00ed VitkoJ. V. Sl\u00e1dka 1543\/20415 01 Teplice I\u010c: 64689115 \u017divnostensk\u00fd rejst\u0159\u00edk","og_url":"https:\/\/test.olsavsky.cz\/tv\/kontakt\/","og_site_name":"Tane\u010dn\u00ed Vitkovi","article_modified_time":"2025-05-21T16:40:02+00:00","twitter_card":"summary_large_image","twitter_misc":{"Odhadovan\u00e1 doba \u010dten\u00ed":"1 minuta"},"schema":{"@context":"https:\/\/schema.org","@graph":[{"@type":"WebPage","@id":"https:\/\/test.olsavsky.cz\/tv\/kontakt\/","url":"https:\/\/test.olsavsky.cz\/tv\/kontakt\/","name":"Kontakt - Tane\u010dn\u00ed Vitkovi","isPartOf":{"@id":"https:\/\/test.olsavsky.cz\/tv\/#website"},"datePublished":"2025-04-10T10:42:32+00:00","dateModified":"2025-05-21T16:40:02+00:00","breadcrumb":{"@id":"https:\/\/test.olsavsky.cz\/tv\/kontakt\/#breadcrumb"},"inLanguage":"cs","potentialAction":[{"@type":"ReadAction","target":["https:\/\/test.olsavsky.cz\/tv\/kontakt\/"]}]},{"@type":"BreadcrumbList","@id":"https:\/\/test.olsavsky.cz\/tv\/kontakt\/#breadcrumb","itemListElement":[{"@type":"ListItem","position":1,"name":"Dom\u016f","item":"https:\/\/test.olsavsky.cz\/tv\/"},{"@type":"ListItem","position":2,"name":"Kontakt"}]},{"@type":"WebSite","@id":"https:\/\/test.olsavsky.cz\/tv\/#website","url":"https:\/\/test.olsavsky.cz\/tv\/","name":"Tane\u010dn\u00ed Vitkovi","description":"\u2026tan\u010dete s n\u00e1mi pro radost","publisher":{"@id":"https:\/\/test.olsavsky.cz\/tv\/#organization"},"potentialAction":[{"@type":"SearchAction","target":{"@type":"EntryPoint","urlTemplate":"https:\/\/test.olsavsky.cz\/tv\/?s={search_term_string}"},"query-input":{"@type":"PropertyValueSpecification","valueRequired":true,"valueName":"search_term_string"}}],"inLanguage":"cs"},{"@type":"Organization","@id":"https:\/\/test.olsavsky.cz\/tv\/#organization","name":"Tane\u010dn\u00ed Vitkovi","url":"https:\/\/test.olsavsky.cz\/tv\/","logo":{"@type":"ImageObject","inLanguage":"cs","@id":"https:\/\/test.olsavsky.cz\/tv\/#\/schema\/logo\/image\/","url":"https:\/\/test.olsavsky.cz\/tv\/wp-content\/uploads\/2025\/03\/logo.svg","contentUrl":"https:\/\/test.olsavsky.cz\/tv\/wp-content\/uploads\/2025\/03\/logo.svg","caption":"Tane\u010dn\u00ed Vitkovi"},"image":{"@id":"https:\/\/test.olsavsky.cz\/tv\/#\/schema\/logo\/image\/"}}]}},"_links":{"self":[{"href":"https:\/\/test.olsavsky.cz\/tv\/wp-json\/wp\/v2\/pages\/145","targetHints":{"allow":["GET"]}}],"collection":[{"href":"https:\/\/test.olsavsky.cz\/tv\/wp-json\/wp\/v2\/pages"}],"about":[{"href":"https:\/\/test.olsavsky.cz\/tv\/wp-json\/wp\/v2\/types\/page"}],"author":[{"embeddable":true,"href":"https:\/\/test.olsavsky.cz\/tv\/wp-json\/wp\/v2\/users\/1"}],"replies":[{"embeddable":true,"href":"https:\/\/test.olsavsky.cz\/tv\/wp-json\/wp\/v2\/comments?post=145"}],"version-history":[{"count":8,"href":"https:\/\/test.olsavsky.cz\/tv\/wp-json\/wp\/v2\/pages\/145\/revisions"}],"predecessor-version":[{"id":162,"href":"https:\/\/test.olsavsky.cz\/tv\/wp-json\/wp\/v2\/pages\/145\/revisions\/162"}],"wp:attachment":[{"href":"https:\/\/test.olsavsky.cz\/tv\/wp-json\/wp\/v2\/media?parent=145"}],"curies":[{"name":"wp","href":"https:\/\/api.w.org\/{rel}","templated":true}]}}