{"id":12,"date":"2025-03-23T14:56:08","date_gmt":"2025-03-23T13:56:08","guid":{"rendered":"https:\/\/test.olsavsky.cz\/tv\/?page_id=12"},"modified":"2025-04-14T13:54:32","modified_gmt":"2025-04-14T11:54:32","slug":"tanecni-vitkovi-tanecni-kurzy-teplice","status":"publish","type":"page","link":"https:\/\/test.olsavsky.cz\/tv\/","title":{"rendered":"Tane\u010dn\u00ed Vitkovi, Tane\u010dn\u00ed kurzy Teplice"},"content":{"rendered":"\n<div class=\"wp-block-columns is-layout-flex wp-container-core-columns-is-layout-28f84493 wp-block-columns-is-layout-flex\">\n<div class=\"wp-block-column is-layout-flow wp-block-column-is-layout-flow\">\n<div class=\"wp-block-cover aligncenter is-light\" style=\"border-radius:1rem\"><span aria-hidden=\"true\" class=\"wp-block-cover__background has-background-dim-0 has-background-dim\"><\/span><img loading=\"lazy\" decoding=\"async\" width=\"1280\" height=\"853\" class=\"wp-block-cover__image-background wp-image-182\" alt=\"\" src=\"https:\/\/test.olsavsky.cz\/tv\/wp-content\/uploads\/2025\/04\/cropped_image1.jpg\" data-object-fit=\"cover\" srcset=\"https:\/\/test.olsavsky.cz\/tv\/wp-content\/uploads\/2025\/04\/cropped_image1.jpg 1280w, https:\/\/test.olsavsky.cz\/tv\/wp-content\/uploads\/2025\/04\/cropped_image1-300x200.jpg 300w, https:\/\/test.olsavsky.cz\/tv\/wp-content\/uploads\/2025\/04\/cropped_image1-1024x682.jpg 1024w, https:\/\/test.olsavsky.cz\/tv\/wp-content\/uploads\/2025\/04\/cropped_image1-768x512.jpg 768w, https:\/\/test.olsavsky.cz\/tv\/wp-content\/uploads\/2025\/04\/cropped_image1-600x400.jpg 600w\" sizes=\"auto, (max-width: 1280px) 100vw, 1280px\" \/><div class=\"wp-block-cover__inner-container is-layout-flow wp-block-cover-is-layout-flow\">\n<p class=\"has-text-align-center is-style-text-display has-secondary-background-color has-background has-large-font-size is-style-text-display--1\"><a href=\"https:\/\/test.olsavsky.cz\/tv\/kategorie-produktu\/tanecni-pro-mladez\/\">Tane\u010dn\u00ed pro ml\u00e1de\u017e<\/a><\/p>\n<\/div><\/div>\n<\/div>\n\n\n\n<div class=\"wp-block-column is-layout-flow wp-block-column-is-layout-flow\">\n<div class=\"wp-block-cover aligncenter has-small-font-size\" style=\"border-radius:1rem\"><span aria-hidden=\"true\" class=\"wp-block-cover__background has-background-dim-0 has-background-dim\" style=\"background-color:#503a36\"><\/span><img loading=\"lazy\" decoding=\"async\" width=\"1280\" height=\"853\" class=\"wp-block-cover__image-background wp-image-183\" alt=\"\" src=\"https:\/\/test.olsavsky.cz\/tv\/wp-content\/uploads\/2025\/04\/cropped_image2.jpg\" data-object-fit=\"cover\" srcset=\"https:\/\/test.olsavsky.cz\/tv\/wp-content\/uploads\/2025\/04\/cropped_image2.jpg 1280w, https:\/\/test.olsavsky.cz\/tv\/wp-content\/uploads\/2025\/04\/cropped_image2-300x200.jpg 300w, https:\/\/test.olsavsky.cz\/tv\/wp-content\/uploads\/2025\/04\/cropped_image2-1024x682.jpg 1024w, https:\/\/test.olsavsky.cz\/tv\/wp-content\/uploads\/2025\/04\/cropped_image2-768x512.jpg 768w, https:\/\/test.olsavsky.cz\/tv\/wp-content\/uploads\/2025\/04\/cropped_image2-600x400.jpg 600w\" sizes=\"auto, (max-width: 1280px) 100vw, 1280px\" \/><div class=\"wp-block-cover__inner-container is-layout-flow wp-block-cover-is-layout-flow\">\n<p class=\"has-text-align-center has-secondary-background-color has-background has-large-font-size\"><a href=\"https:\/\/test.olsavsky.cz\/tv\/kategorie-produktu\/tanecni-pro-dospele\/\">Tane\u010dn\u00ed pro dosp\u011bl\u00e9<\/a><\/p>\n<\/div><\/div>\n<\/div>\n<\/div>\n\n\n\n<div style=\"height:3rem\" aria-hidden=\"true\" class=\"wp-block-spacer\"><\/div>\n\n\n\n<div class=\"wp-block-group alignfull is-style-section-1 has-light-gray-background-color has-background has-global-padding is-layout-constrained wp-block-group-is-layout-constrained is-style-section-1--2\" style=\"padding-top:var(--wp--preset--spacing--40);padding-bottom:var(--wp--preset--spacing--40)\">\n<div class=\"wp-block-columns is-layout-flex wp-container-core-columns-is-layout-28f84493 wp-block-columns-is-layout-flex\">\n<div class=\"wp-block-column is-layout-flow wp-block-column-is-layout-flow\">\n<h4 class=\"wp-block-heading\">Tane\u010dn\u00ed pro Teplice a okol\u00ed<\/h4>\n\n\n\n<ul class=\"wp-block-list is-style-checkmark-list\">\n<li>Profesion\u00e1ln\u00ed tane\u010dn\u00ed v\u00fduka s mistry \u010cR<\/li>\n\n\n\n<li>V\u00edce ne\u017e 30 let tane\u010dn\u00ed tradice<\/li>\n\n\n\n<li>Certifikovan\u00ed lekto\u0159i<\/li>\n\n\n\n<li>Tane\u010dn\u00ed z\u00e1\u017eitky s profesion\u00e1ly. Spolupr\u00e1ce s nejlep\u0161\u00edmi tane\u010dn\u00edky pro nezapomenuteln\u00e9 tane\u010dn\u00ed lekce.<\/li>\n\n\n\n<li>Proslul\u00e9 a obl\u00edben\u00e9 tane\u010dn\u00ed kurzy<\/li>\n\n\n\n<li>Modern\u00ed a z\u00e1bavn\u00e1 v\u00fduka s radost\u00ed i lehkost\u00ed v p\u0159\u00e1telsk\u00e9 atmosf\u00e9\u0159e<\/li>\n\n\n\n<li>Unik\u00e1tn\u00ed tane\u010dn\u00ed reperto\u00e1r<\/li>\n\n\n\n<li>Exkluzivn\u00ed tane\u010dn\u00ed prostory a term\u00edny pro v\u00fduku<\/li>\n<\/ul>\n<\/div>\n\n\n\n<div class=\"wp-block-column is-layout-flow wp-block-column-is-layout-flow\">\n<figure class=\"wp-block-image size-large\"><img loading=\"lazy\" decoding=\"async\" width=\"683\" height=\"1024\" src=\"https:\/\/test.olsavsky.cz\/tv\/wp-content\/uploads\/2025\/04\/Martina-a-Jirka-007-683x1024.jpg\" alt=\"\" class=\"wp-image-191\" srcset=\"https:\/\/test.olsavsky.cz\/tv\/wp-content\/uploads\/2025\/04\/Martina-a-Jirka-007-683x1024.jpg 683w, https:\/\/test.olsavsky.cz\/tv\/wp-content\/uploads\/2025\/04\/Martina-a-Jirka-007-200x300.jpg 200w, https:\/\/test.olsavsky.cz\/tv\/wp-content\/uploads\/2025\/04\/Martina-a-Jirka-007-768x1152.jpg 768w, https:\/\/test.olsavsky.cz\/tv\/wp-content\/uploads\/2025\/04\/Martina-a-Jirka-007-1024x1536.jpg 1024w, https:\/\/test.olsavsky.cz\/tv\/wp-content\/uploads\/2025\/04\/Martina-a-Jirka-007-1365x2048.jpg 1365w, https:\/\/test.olsavsky.cz\/tv\/wp-content\/uploads\/2025\/04\/Martina-a-Jirka-007-600x900.jpg 600w, https:\/\/test.olsavsky.cz\/tv\/wp-content\/uploads\/2025\/04\/Martina-a-Jirka-007-scaled.jpg 1707w\" sizes=\"auto, (max-width: 683px) 100vw, 683px\" \/><\/figure>\n<\/div>\n<\/div>\n<\/div>\n\n\n\n<figure class=\"wp-block-gallery has-nested-images columns-4 is-cropped wp-block-gallery-3 is-layout-flex wp-block-gallery-is-layout-flex\">\n<figure data-wp-context=\"{&quot;imageId&quot;:&quot;69f36a5c68afa&quot;}\" data-wp-interactive=\"core\/image\" data-wp-key=\"69f36a5c68afa\" class=\"wp-block-image size-large wp-lightbox-container\"><img loading=\"lazy\" decoding=\"async\" width=\"1024\" height=\"683\" data-wp-class--hide=\"state.isContentHidden\" data-wp-class--show=\"state.isContentVisible\" data-wp-init=\"callbacks.setButtonStyles\" data-wp-on--click=\"actions.showLightbox\" data-wp-on--load=\"callbacks.setButtonStyles\" data-wp-on-window--resize=\"callbacks.setButtonStyles\" data-id=\"186\" src=\"https:\/\/test.olsavsky.cz\/tv\/wp-content\/uploads\/2025\/04\/Prodlouzena26-11-17-0014-1024x683.jpg\" alt=\"\" class=\"wp-image-186\" srcset=\"https:\/\/test.olsavsky.cz\/tv\/wp-content\/uploads\/2025\/04\/Prodlouzena26-11-17-0014-1024x683.jpg 1024w, https:\/\/test.olsavsky.cz\/tv\/wp-content\/uploads\/2025\/04\/Prodlouzena26-11-17-0014-300x200.jpg 300w, https:\/\/test.olsavsky.cz\/tv\/wp-content\/uploads\/2025\/04\/Prodlouzena26-11-17-0014-768x512.jpg 768w, https:\/\/test.olsavsky.cz\/tv\/wp-content\/uploads\/2025\/04\/Prodlouzena26-11-17-0014-1536x1024.jpg 1536w, https:\/\/test.olsavsky.cz\/tv\/wp-content\/uploads\/2025\/04\/Prodlouzena26-11-17-0014-2048x1365.jpg 2048w, https:\/\/test.olsavsky.cz\/tv\/wp-content\/uploads\/2025\/04\/Prodlouzena26-11-17-0014-600x400.jpg 600w\" sizes=\"auto, (max-width: 1024px) 100vw, 1024px\" \/><button\n\t\t\tclass=\"lightbox-trigger\"\n\t\t\ttype=\"button\"\n\t\t\taria-haspopup=\"dialog\"\n\t\t\taria-label=\"Zv\u011bt\u0161it\"\n\t\t\tdata-wp-init=\"callbacks.initTriggerButton\"\n\t\t\tdata-wp-on--click=\"actions.showLightbox\"\n\t\t\tdata-wp-style--right=\"state.imageButtonRight\"\n\t\t\tdata-wp-style--top=\"state.imageButtonTop\"\n\t\t>\n\t\t\t<svg xmlns=\"http:\/\/www.w3.org\/2000\/svg\" width=\"12\" height=\"12\" fill=\"none\" viewBox=\"0 0 12 12\">\n\t\t\t\t<path fill=\"#fff\" d=\"M2 0a2 2 0 0 0-2 2v2h1.5V2a.5.5 0 0 1 .5-.5h2V0H2Zm2 10.5H2a.5.5 0 0 1-.5-.5V8H0v2a2 2 0 0 0 2 2h2v-1.5ZM8 12v-1.5h2a.5.5 0 0 0 .5-.5V8H12v2a2 2 0 0 1-2 2H8Zm2-12a2 2 0 0 1 2 2v2h-1.5V2a.5.5 0 0 0-.5-.5H8V0h2Z\" \/>\n\t\t\t<\/svg>\n\t\t<\/button><\/figure>\n\n\n\n<figure data-wp-context=\"{&quot;imageId&quot;:&quot;69f36a5c69873&quot;}\" data-wp-interactive=\"core\/image\" data-wp-key=\"69f36a5c69873\" class=\"wp-block-image size-large wp-lightbox-container\"><img loading=\"lazy\" decoding=\"async\" width=\"1024\" height=\"683\" data-wp-class--hide=\"state.isContentHidden\" data-wp-class--show=\"state.isContentVisible\" data-wp-init=\"callbacks.setButtonStyles\" data-wp-on--click=\"actions.showLightbox\" data-wp-on--load=\"callbacks.setButtonStyles\" data-wp-on-window--resize=\"callbacks.setButtonStyles\" data-id=\"188\" src=\"https:\/\/test.olsavsky.cz\/tv\/wp-content\/uploads\/2025\/04\/2014-druha-prodlouzena-043-1024x683.jpg\" alt=\"\" class=\"wp-image-188\" srcset=\"https:\/\/test.olsavsky.cz\/tv\/wp-content\/uploads\/2025\/04\/2014-druha-prodlouzena-043-1024x683.jpg 1024w, https:\/\/test.olsavsky.cz\/tv\/wp-content\/uploads\/2025\/04\/2014-druha-prodlouzena-043-300x200.jpg 300w, https:\/\/test.olsavsky.cz\/tv\/wp-content\/uploads\/2025\/04\/2014-druha-prodlouzena-043-768x512.jpg 768w, https:\/\/test.olsavsky.cz\/tv\/wp-content\/uploads\/2025\/04\/2014-druha-prodlouzena-043-600x400.jpg 600w, https:\/\/test.olsavsky.cz\/tv\/wp-content\/uploads\/2025\/04\/2014-druha-prodlouzena-043.jpg 1200w\" sizes=\"auto, (max-width: 1024px) 100vw, 1024px\" \/><button\n\t\t\tclass=\"lightbox-trigger\"\n\t\t\ttype=\"button\"\n\t\t\taria-haspopup=\"dialog\"\n\t\t\taria-label=\"Zv\u011bt\u0161it\"\n\t\t\tdata-wp-init=\"callbacks.initTriggerButton\"\n\t\t\tdata-wp-on--click=\"actions.showLightbox\"\n\t\t\tdata-wp-style--right=\"state.imageButtonRight\"\n\t\t\tdata-wp-style--top=\"state.imageButtonTop\"\n\t\t>\n\t\t\t<svg xmlns=\"http:\/\/www.w3.org\/2000\/svg\" width=\"12\" height=\"12\" fill=\"none\" viewBox=\"0 0 12 12\">\n\t\t\t\t<path fill=\"#fff\" d=\"M2 0a2 2 0 0 0-2 2v2h1.5V2a.5.5 0 0 1 .5-.5h2V0H2Zm2 10.5H2a.5.5 0 0 1-.5-.5V8H0v2a2 2 0 0 0 2 2h2v-1.5ZM8 12v-1.5h2a.5.5 0 0 0 .5-.5V8H12v2a2 2 0 0 1-2 2H8Zm2-12a2 2 0 0 1 2 2v2h-1.5V2a.5.5 0 0 0-.5-.5H8V0h2Z\" \/>\n\t\t\t<\/svg>\n\t\t<\/button><\/figure>\n\n\n\n<figure data-wp-context=\"{&quot;imageId&quot;:&quot;69f36a5c6a527&quot;}\" data-wp-interactive=\"core\/image\" data-wp-key=\"69f36a5c6a527\" class=\"wp-block-image size-large wp-lightbox-container\"><img loading=\"lazy\" decoding=\"async\" width=\"1024\" height=\"706\" data-wp-class--hide=\"state.isContentHidden\" data-wp-class--show=\"state.isContentVisible\" data-wp-init=\"callbacks.setButtonStyles\" data-wp-on--click=\"actions.showLightbox\" data-wp-on--load=\"callbacks.setButtonStyles\" data-wp-on-window--resize=\"callbacks.setButtonStyles\" data-id=\"189\" src=\"https:\/\/test.olsavsky.cz\/tv\/wp-content\/uploads\/2025\/04\/Tanecni-057-1024x706.jpg\" alt=\"\" class=\"wp-image-189\" srcset=\"https:\/\/test.olsavsky.cz\/tv\/wp-content\/uploads\/2025\/04\/Tanecni-057-1024x706.jpg 1024w, https:\/\/test.olsavsky.cz\/tv\/wp-content\/uploads\/2025\/04\/Tanecni-057-300x207.jpg 300w, https:\/\/test.olsavsky.cz\/tv\/wp-content\/uploads\/2025\/04\/Tanecni-057-768x529.jpg 768w, https:\/\/test.olsavsky.cz\/tv\/wp-content\/uploads\/2025\/04\/Tanecni-057-1536x1058.jpg 1536w, https:\/\/test.olsavsky.cz\/tv\/wp-content\/uploads\/2025\/04\/Tanecni-057-2048x1411.jpg 2048w, https:\/\/test.olsavsky.cz\/tv\/wp-content\/uploads\/2025\/04\/Tanecni-057-600x413.jpg 600w\" sizes=\"auto, (max-width: 1024px) 100vw, 1024px\" \/><button\n\t\t\tclass=\"lightbox-trigger\"\n\t\t\ttype=\"button\"\n\t\t\taria-haspopup=\"dialog\"\n\t\t\taria-label=\"Zv\u011bt\u0161it\"\n\t\t\tdata-wp-init=\"callbacks.initTriggerButton\"\n\t\t\tdata-wp-on--click=\"actions.showLightbox\"\n\t\t\tdata-wp-style--right=\"state.imageButtonRight\"\n\t\t\tdata-wp-style--top=\"state.imageButtonTop\"\n\t\t>\n\t\t\t<svg xmlns=\"http:\/\/www.w3.org\/2000\/svg\" width=\"12\" height=\"12\" fill=\"none\" viewBox=\"0 0 12 12\">\n\t\t\t\t<path fill=\"#fff\" d=\"M2 0a2 2 0 0 0-2 2v2h1.5V2a.5.5 0 0 1 .5-.5h2V0H2Zm2 10.5H2a.5.5 0 0 1-.5-.5V8H0v2a2 2 0 0 0 2 2h2v-1.5ZM8 12v-1.5h2a.5.5 0 0 0 .5-.5V8H12v2a2 2 0 0 1-2 2H8Zm2-12a2 2 0 0 1 2 2v2h-1.5V2a.5.5 0 0 0-.5-.5H8V0h2Z\" \/>\n\t\t\t<\/svg>\n\t\t<\/button><\/figure>\n\n\n\n<figure data-wp-context=\"{&quot;imageId&quot;:&quot;69f36a5c6b005&quot;}\" data-wp-interactive=\"core\/image\" data-wp-key=\"69f36a5c6b005\" class=\"wp-block-image size-large wp-lightbox-container\"><img loading=\"lazy\" decoding=\"async\" width=\"1024\" height=\"768\" data-wp-class--hide=\"state.isContentHidden\" data-wp-class--show=\"state.isContentVisible\" data-wp-init=\"callbacks.setButtonStyles\" data-wp-on--click=\"actions.showLightbox\" data-wp-on--load=\"callbacks.setButtonStyles\" data-wp-on-window--resize=\"callbacks.setButtonStyles\" data-id=\"187\" src=\"https:\/\/test.olsavsky.cz\/tv\/wp-content\/uploads\/2025\/04\/DSCF0253-1024x768.jpg\" alt=\"\" class=\"wp-image-187\" srcset=\"https:\/\/test.olsavsky.cz\/tv\/wp-content\/uploads\/2025\/04\/DSCF0253-1024x768.jpg 1024w, https:\/\/test.olsavsky.cz\/tv\/wp-content\/uploads\/2025\/04\/DSCF0253-300x225.jpg 300w, https:\/\/test.olsavsky.cz\/tv\/wp-content\/uploads\/2025\/04\/DSCF0253-768x576.jpg 768w, https:\/\/test.olsavsky.cz\/tv\/wp-content\/uploads\/2025\/04\/DSCF0253-1536x1152.jpg 1536w, https:\/\/test.olsavsky.cz\/tv\/wp-content\/uploads\/2025\/04\/DSCF0253-2048x1536.jpg 2048w, https:\/\/test.olsavsky.cz\/tv\/wp-content\/uploads\/2025\/04\/DSCF0253-600x450.jpg 600w\" sizes=\"auto, (max-width: 1024px) 100vw, 1024px\" \/><button\n\t\t\tclass=\"lightbox-trigger\"\n\t\t\ttype=\"button\"\n\t\t\taria-haspopup=\"dialog\"\n\t\t\taria-label=\"Zv\u011bt\u0161it\"\n\t\t\tdata-wp-init=\"callbacks.initTriggerButton\"\n\t\t\tdata-wp-on--click=\"actions.showLightbox\"\n\t\t\tdata-wp-style--right=\"state.imageButtonRight\"\n\t\t\tdata-wp-style--top=\"state.imageButtonTop\"\n\t\t>\n\t\t\t<svg xmlns=\"http:\/\/www.w3.org\/2000\/svg\" width=\"12\" height=\"12\" fill=\"none\" viewBox=\"0 0 12 12\">\n\t\t\t\t<path fill=\"#fff\" d=\"M2 0a2 2 0 0 0-2 2v2h1.5V2a.5.5 0 0 1 .5-.5h2V0H2Zm2 10.5H2a.5.5 0 0 1-.5-.5V8H0v2a2 2 0 0 0 2 2h2v-1.5ZM8 12v-1.5h2a.5.5 0 0 0 .5-.5V8H12v2a2 2 0 0 1-2 2H8Zm2-12a2 2 0 0 1 2 2v2h-1.5V2a.5.5 0 0 0-.5-.5H8V0h2Z\" \/>\n\t\t\t<\/svg>\n\t\t<\/button><\/figure>\n<\/figure>\n","protected":false},"excerpt":{"rendered":"<p>Tane\u010dn\u00ed pro Teplice a okol\u00ed<\/p>\n","protected":false},"author":1,"featured_media":0,"parent":0,"menu_order":0,"comment_status":"closed","ping_status":"closed","template":"homepage","meta":{"footnotes":""},"class_list":["post-12","page","type-page","status-publish","hentry"],"yoast_head":"<!-- This site is optimized with the Yoast SEO plugin v27.2 - https:\/\/yoast.com\/product\/yoast-seo-wordpress\/ -->\n<title>Tane\u010dn\u00ed Vitkovi, Tane\u010dn\u00ed kurzy Teplice - Tane\u010dn\u00ed Vitkovi<\/title>\n<meta name=\"robots\" content=\"noindex, follow, max-snippet:-1, max-image-preview:large, max-video-preview:-1\" \/>\n<meta property=\"og:locale\" content=\"cs_CZ\" \/>\n<meta property=\"og:type\" content=\"article\" \/>\n<meta property=\"og:title\" content=\"Tane\u010dn\u00ed Vitkovi, Tane\u010dn\u00ed kurzy Teplice - Tane\u010dn\u00ed Vitkovi\" \/>\n<meta property=\"og:description\" content=\"Tane\u010dn\u00ed pro Teplice a okol\u00ed\" \/>\n<meta property=\"og:url\" content=\"https:\/\/test.olsavsky.cz\/tv\/\" \/>\n<meta property=\"og:site_name\" content=\"Tane\u010dn\u00ed Vitkovi\" \/>\n<meta property=\"article:modified_time\" content=\"2025-04-14T11:54:32+00:00\" \/>\n<meta property=\"og:image\" content=\"https:\/\/test.olsavsky.cz\/tv\/wp-content\/uploads\/2025\/04\/cropped_image1.jpg\" \/>\n\t<meta property=\"og:image:width\" content=\"1280\" \/>\n\t<meta property=\"og:image:height\" content=\"853\" \/>\n\t<meta property=\"og:image:type\" content=\"image\/jpeg\" \/>\n<meta name=\"twitter:card\" content=\"summary_large_image\" \/>\n<meta name=\"twitter:label1\" content=\"Odhadovan\u00e1 doba \u010dten\u00ed\" \/>\n\t<meta name=\"twitter:data1\" content=\"1 minuta\" \/>\n<script type=\"application\/ld+json\" class=\"yoast-schema-graph\">{\"@context\":\"https:\/\/schema.org\",\"@graph\":[{\"@type\":\"WebPage\",\"@id\":\"https:\/\/test.olsavsky.cz\/tv\/\",\"url\":\"https:\/\/test.olsavsky.cz\/tv\/\",\"name\":\"Tane\u010dn\u00ed Vitkovi, Tane\u010dn\u00ed kurzy Teplice - Tane\u010dn\u00ed Vitkovi\",\"isPartOf\":{\"@id\":\"https:\/\/test.olsavsky.cz\/tv\/#website\"},\"primaryImageOfPage\":{\"@id\":\"https:\/\/test.olsavsky.cz\/tv\/#primaryimage\"},\"image\":{\"@id\":\"https:\/\/test.olsavsky.cz\/tv\/#primaryimage\"},\"thumbnailUrl\":\"https:\/\/test.olsavsky.cz\/tv\/wp-content\/uploads\/2025\/04\/cropped_image1.jpg\",\"datePublished\":\"2025-03-23T13:56:08+00:00\",\"dateModified\":\"2025-04-14T11:54:32+00:00\",\"breadcrumb\":{\"@id\":\"https:\/\/test.olsavsky.cz\/tv\/#breadcrumb\"},\"inLanguage\":\"cs\",\"potentialAction\":[{\"@type\":\"ReadAction\",\"target\":[\"https:\/\/test.olsavsky.cz\/tv\/\"]}]},{\"@type\":\"ImageObject\",\"inLanguage\":\"cs\",\"@id\":\"https:\/\/test.olsavsky.cz\/tv\/#primaryimage\",\"url\":\"https:\/\/test.olsavsky.cz\/tv\/wp-content\/uploads\/2025\/04\/cropped_image1.jpg\",\"contentUrl\":\"https:\/\/test.olsavsky.cz\/tv\/wp-content\/uploads\/2025\/04\/cropped_image1.jpg\",\"width\":1280,\"height\":853},{\"@type\":\"BreadcrumbList\",\"@id\":\"https:\/\/test.olsavsky.cz\/tv\/#breadcrumb\",\"itemListElement\":[{\"@type\":\"ListItem\",\"position\":1,\"name\":\"Dom\u016f\",\"item\":\"https:\/\/test.olsavsky.cz\/tv\/\"},{\"@type\":\"ListItem\",\"position\":2,\"name\":\"Tane\u010dn\u00ed Vitkovi, Tane\u010dn\u00ed kurzy Teplice\"}]},{\"@type\":\"WebSite\",\"@id\":\"https:\/\/test.olsavsky.cz\/tv\/#website\",\"url\":\"https:\/\/test.olsavsky.cz\/tv\/\",\"name\":\"Tane\u010dn\u00ed Vitkovi\",\"description\":\"\u2026tan\u010dete s n\u00e1mi pro radost\",\"publisher\":{\"@id\":\"https:\/\/test.olsavsky.cz\/tv\/#organization\"},\"potentialAction\":[{\"@type\":\"SearchAction\",\"target\":{\"@type\":\"EntryPoint\",\"urlTemplate\":\"https:\/\/test.olsavsky.cz\/tv\/?s={search_term_string}\"},\"query-input\":{\"@type\":\"PropertyValueSpecification\",\"valueRequired\":true,\"valueName\":\"search_term_string\"}}],\"inLanguage\":\"cs\"},{\"@type\":\"Organization\",\"@id\":\"https:\/\/test.olsavsky.cz\/tv\/#organization\",\"name\":\"Tane\u010dn\u00ed Vitkovi\",\"url\":\"https:\/\/test.olsavsky.cz\/tv\/\",\"logo\":{\"@type\":\"ImageObject\",\"inLanguage\":\"cs\",\"@id\":\"https:\/\/test.olsavsky.cz\/tv\/#\/schema\/logo\/image\/\",\"url\":\"https:\/\/test.olsavsky.cz\/tv\/wp-content\/uploads\/2025\/03\/logo.svg\",\"contentUrl\":\"https:\/\/test.olsavsky.cz\/tv\/wp-content\/uploads\/2025\/03\/logo.svg\",\"caption\":\"Tane\u010dn\u00ed Vitkovi\"},\"image\":{\"@id\":\"https:\/\/test.olsavsky.cz\/tv\/#\/schema\/logo\/image\/\"}}]}<\/script>\n<!-- \/ Yoast SEO plugin. -->","yoast_head_json":{"title":"Tane\u010dn\u00ed Vitkovi, Tane\u010dn\u00ed kurzy Teplice - Tane\u010dn\u00ed Vitkovi","robots":{"index":"noindex","follow":"follow","max-snippet":"max-snippet:-1","max-image-preview":"max-image-preview:large","max-video-preview":"max-video-preview:-1"},"og_locale":"cs_CZ","og_type":"article","og_title":"Tane\u010dn\u00ed Vitkovi, Tane\u010dn\u00ed kurzy Teplice - Tane\u010dn\u00ed Vitkovi","og_description":"Tane\u010dn\u00ed pro Teplice a okol\u00ed","og_url":"https:\/\/test.olsavsky.cz\/tv\/","og_site_name":"Tane\u010dn\u00ed Vitkovi","article_modified_time":"2025-04-14T11:54:32+00:00","og_image":[{"width":1280,"height":853,"url":"https:\/\/test.olsavsky.cz\/tv\/wp-content\/uploads\/2025\/04\/cropped_image1.jpg","type":"image\/jpeg"}],"twitter_card":"summary_large_image","twitter_misc":{"Odhadovan\u00e1 doba \u010dten\u00ed":"1 minuta"},"schema":{"@context":"https:\/\/schema.org","@graph":[{"@type":"WebPage","@id":"https:\/\/test.olsavsky.cz\/tv\/","url":"https:\/\/test.olsavsky.cz\/tv\/","name":"Tane\u010dn\u00ed Vitkovi, Tane\u010dn\u00ed kurzy Teplice - Tane\u010dn\u00ed Vitkovi","isPartOf":{"@id":"https:\/\/test.olsavsky.cz\/tv\/#website"},"primaryImageOfPage":{"@id":"https:\/\/test.olsavsky.cz\/tv\/#primaryimage"},"image":{"@id":"https:\/\/test.olsavsky.cz\/tv\/#primaryimage"},"thumbnailUrl":"https:\/\/test.olsavsky.cz\/tv\/wp-content\/uploads\/2025\/04\/cropped_image1.jpg","datePublished":"2025-03-23T13:56:08+00:00","dateModified":"2025-04-14T11:54:32+00:00","breadcrumb":{"@id":"https:\/\/test.olsavsky.cz\/tv\/#breadcrumb"},"inLanguage":"cs","potentialAction":[{"@type":"ReadAction","target":["https:\/\/test.olsavsky.cz\/tv\/"]}]},{"@type":"ImageObject","inLanguage":"cs","@id":"https:\/\/test.olsavsky.cz\/tv\/#primaryimage","url":"https:\/\/test.olsavsky.cz\/tv\/wp-content\/uploads\/2025\/04\/cropped_image1.jpg","contentUrl":"https:\/\/test.olsavsky.cz\/tv\/wp-content\/uploads\/2025\/04\/cropped_image1.jpg","width":1280,"height":853},{"@type":"BreadcrumbList","@id":"https:\/\/test.olsavsky.cz\/tv\/#breadcrumb","itemListElement":[{"@type":"ListItem","position":1,"name":"Dom\u016f","item":"https:\/\/test.olsavsky.cz\/tv\/"},{"@type":"ListItem","position":2,"name":"Tane\u010dn\u00ed Vitkovi, Tane\u010dn\u00ed kurzy Teplice"}]},{"@type":"WebSite","@id":"https:\/\/test.olsavsky.cz\/tv\/#website","url":"https:\/\/test.olsavsky.cz\/tv\/","name":"Tane\u010dn\u00ed Vitkovi","description":"\u2026tan\u010dete s n\u00e1mi pro radost","publisher":{"@id":"https:\/\/test.olsavsky.cz\/tv\/#organization"},"potentialAction":[{"@type":"SearchAction","target":{"@type":"EntryPoint","urlTemplate":"https:\/\/test.olsavsky.cz\/tv\/?s={search_term_string}"},"query-input":{"@type":"PropertyValueSpecification","valueRequired":true,"valueName":"search_term_string"}}],"inLanguage":"cs"},{"@type":"Organization","@id":"https:\/\/test.olsavsky.cz\/tv\/#organization","name":"Tane\u010dn\u00ed Vitkovi","url":"https:\/\/test.olsavsky.cz\/tv\/","logo":{"@type":"ImageObject","inLanguage":"cs","@id":"https:\/\/test.olsavsky.cz\/tv\/#\/schema\/logo\/image\/","url":"https:\/\/test.olsavsky.cz\/tv\/wp-content\/uploads\/2025\/03\/logo.svg","contentUrl":"https:\/\/test.olsavsky.cz\/tv\/wp-content\/uploads\/2025\/03\/logo.svg","caption":"Tane\u010dn\u00ed Vitkovi"},"image":{"@id":"https:\/\/test.olsavsky.cz\/tv\/#\/schema\/logo\/image\/"}}]}},"_links":{"self":[{"href":"https:\/\/test.olsavsky.cz\/tv\/wp-json\/wp\/v2\/pages\/12","targetHints":{"allow":["GET"]}}],"collection":[{"href":"https:\/\/test.olsavsky.cz\/tv\/wp-json\/wp\/v2\/pages"}],"about":[{"href":"https:\/\/test.olsavsky.cz\/tv\/wp-json\/wp\/v2\/types\/page"}],"author":[{"embeddable":true,"href":"https:\/\/test.olsavsky.cz\/tv\/wp-json\/wp\/v2\/users\/1"}],"replies":[{"embeddable":true,"href":"https:\/\/test.olsavsky.cz\/tv\/wp-json\/wp\/v2\/comments?post=12"}],"version-history":[{"count":13,"href":"https:\/\/test.olsavsky.cz\/tv\/wp-json\/wp\/v2\/pages\/12\/revisions"}],"predecessor-version":[{"id":192,"href":"https:\/\/test.olsavsky.cz\/tv\/wp-json\/wp\/v2\/pages\/12\/revisions\/192"}],"wp:attachment":[{"href":"https:\/\/test.olsavsky.cz\/tv\/wp-json\/wp\/v2\/media?parent=12"}],"curies":[{"name":"wp","href":"https:\/\/api.w.org\/{rel}","templated":true}]}}